{"id":27189,"date":"2023-05-04T17:50:45","date_gmt":"2023-06-23T05:38:51","guid":{"rendered":"https:\/\/www.sun-sure-estates.com\/?post_type=product&#038;p=27189"},"modified":"2023-06-23T07:38:52","modified_gmt":"2023-06-23T05:38:52","slug":"luksusowe-wille-blue-sea-z-fenomenalnym-widokiem-na-morze-srodziemne","status":"publish","type":"product","link":"https:\/\/www.sun-sure-estates.com\/pl\/produkt\/luksusowe-wille-blue-sea-z-fenomenalnym-widokiem-na-morze-srodziemne\/","title":{"rendered":"Luksusowe wille Blue Sea z fenomenalnym widokiem na Morze \u015ar\u00f3dziemne"},"content":{"rendered":"<p style=\"font-weight: 400;\">Cena sprzeda\u017cy od 745 000 \u20ac (Wy\u0142\u0105czne koszty zakupu jak podatki i notariusz), powierzchnia mieszkalna od 377 m2<\/p>\n<p style=\"font-weight: 400;\">Parter<\/p>\n<ul>\n<li>Wej\u015bcie ze sta\u0142\u0105 klatk\u0105 schodow\u0105. Winda jest opcjonalna<\/li>\n<li>2 sypialnie z szaf\u0105, ka\u017cda z 1 \u0142azienk\u0105 z kabin\u0105 prysznicow\u0105<\/li>\n<li>Salon, kt\u00f3ry mo\u017cna udekorowa\u0107 wed\u0142ug w\u0142asnych upodoba\u0144<\/li>\n<li>Parking na jeden samoch\u00f3d<\/li>\n<li>Pomieszczenie magazynowe<\/li>\n<li>Ogr\u00f3d o powierzchni 18 m2 i ogr\u00f3d o powierzchni 47 m2<\/li>\n<\/ul>\n<p style=\"font-weight: 400;\">Pi\u0119tro<\/p>\n<ul>\n<li>Przestronny salon, otwarta kuchnia z barem i jadalni\u0105<\/li>\n<li>1 sypialnia z garderob\u0105, 1 \u0142azienka z kabin\u0105 prysznicow\u0105, toalet\u0105 i bidetem oraz 1 toaleta go\u015bcinna<\/li>\n<li>Otwarta kuchnia z urz\u0105dzeniami Bosch i Smeg<\/li>\n<li>Szafa z pralk\u0105<\/li>\n<li>Zadaszony taras o powierzchni 9 m2, otwarty taras o powierzchni 38 m2, jeden o powierzchni 10 m2 i jeden o powierzchni 5 m2<\/li>\n<\/ul>\n<p style=\"font-weight: 400;\">Najwy\u017csze pi\u0119tro<\/p>\n<ul>\n<li>G\u0142\u00f3wna sypialnia, garderoba, \u0142azienka z kabin\u0105 prysznicow\u0105, jacuzzi, toalet\u0105 i bidetem<\/li>\n<li>Taras o powierzchni 3,50 m2<\/li>\n<\/ul>\n<p style=\"font-weight: 400;\"><u>Informacje og\u00f3lne<\/u><u><br \/>\n<\/u><\/p>\n<ul>\n<li>Kuchnia z piekarnikiem, kuchenk\u0105 mikrofalow\u0105, zmywark\u0105 i lod\u00f3wko-zamra\u017cark\u0105<\/li>\n<li>Pralka i suszarka b\u0119bnowa<\/li>\n<li>Ogrzewanie pod\u0142ogowe \u0142azienki<\/li>\n<li>Klimatyzacja w cenie<\/li>\n<li>Domofon wideo<\/li>\n<li>Wpuszczane \u015bwiat\u0142a LED w sufitach wej\u015bcia, korytarzach i \u0142azienkach<\/li>\n<li>Prywatny parking<\/li>\n<li>Winda na wszystkie pi\u0119tra jest opcjonalna<\/li>\n<\/ul>\n<p style=\"font-weight: 400;\"><u>Kompleks informacji og\u00f3lnych<\/u><\/p>\n<ul>\n<li>Orientacja po\u0142udniowo-zachodnia<\/li>\n<li>Pi\u0119knie zaprojektowany ogr\u00f3d z placem zabaw, miejscem do opalania i dwoma wsp\u00f3lnymi odkrytymi basenami. Jeden dla doros\u0142ych i jeden dla dzieci.<\/li>\n<li>Nowoczesna i pi\u0119knie wyposa\u017cona si\u0142ownia<\/li>\n<\/ul>\n<p style=\"font-weight: 400;\">Zadzwo\u0144 lub WhatsApp w celu uzyskania informacji pod numer +31 6 27 04 07 82<br \/>\nMo\u017cesz r\u00f3wnie\u017c wys\u0142a\u0107 niewi\u0105\u017c\u0105c\u0105 wiadomo\u015b\u0107 e-mail do info@sun-sure-estates.com<\/p>\n<p style=\"font-weight: 400;\"><u>Opis Willa Blue Sea<\/u><\/p>\n<p>Uk\u0142ad<\/p>\n<p style=\"font-weight: 400;\">Luksusowa willa, po\u0142\u0105czenie pi\u0119knej architektury, wysokiej jako\u015bci konstrukcji i maksymalnej funkcjonalno\u015bci podzielona jest na trzy pi\u0119tra. Parter sk\u0142ada si\u0119 z holu wej\u015bciowego, sta\u0142ych schod\u00f3w, windy (opcjonalnie), dw\u00f3ch sypialni z wbudowanymi szafami, ka\u017cda wyposa\u017cona w \u0142azienk\u0119 z prysznicem typu &#8222;en-suite. Istniej\u0105 dwa ogrody o powierzchni odpowiednio 18 m2 i 47 m2. Parking oferuje miejsce dla jednego samochodu osobowego oraz kom\u00f3rk\u0119 lokatorsk\u0105.<\/p>\n<p style=\"font-weight: 400;\">Na parterze znajduje si\u0119 przestronny salon, kuchnia na otwartym planie z barem i jadalnia z du\u017c\u0105 ilo\u015bci\u0105 \u015bwiat\u0142a. Kuchnia zawiera wysokiej jako\u015bci urz\u0105dzenia marek Bosch i Smeg, znajduje si\u0119 tam r\u00f3wnie\u017c sta\u0142a szafka, w kt\u00f3rej ulokowana jest pralka.. Luksusowa willa posiada kilka taras\u00f3w, wi\u0119c nie brakuje s\u0142o\u0144ca i widok\u00f3w. Z salonu, otwartej kuchni i jadalni roztacza si\u0119 fenomenalny widok na Morze \u015ar\u00f3dziemne.<\/p>\n<p style=\"font-weight: 400;\">Na najwy\u017cszym pi\u0119trze znajduje si\u0119 sypialnia z garderob\u0105, \u0142azienka z kabin\u0105 prysznicow\u0105 i jacuzzi. Do dyspozycji Go\u015bci jest r\u00f3wnie\u017c \u0142adny ma\u0142y taras.<\/p>\n<p style=\"font-weight: 400;\">Na zewn\u0105trz<\/p>\n<p style=\"font-weight: 400;\">S\u0105 tam trzy wy\u0142o\u017cone p\u0142ytkami, gwarantuj\u0105ce prywatno\u015b\u0107 tarasy, z kt\u00f3rych jeden jest zadaszony. St\u0105d roztaczaj\u0105 si\u0119 pi\u0119kne panoramiczne widoki na Morze \u015ar\u00f3dziemne.<\/p>\n<p style=\"font-weight: 400;\"><u>Region i unikalne aspekty<br \/>\n<\/u><\/p>\n<ul>\n<li>Willa znajduje si\u0119 w jednej z najbardziej ekskluzywnych cz\u0119\u015bci Costa del Sol z fenomenalnym widokiem na Morze \u015ar\u00f3dziemne<\/li>\n<li>Obszar ten wyr\u00f3\u017cnia si\u0119 pi\u0119knym wybrze\u017cem Morza \u015ar\u00f3dziemnego z pi\u0119knymi piaszczystymi pla\u017cami<\/li>\n<li>Wa\u017cne drogi \u0142\u0105cz\u0105ce znajduj\u0105 si\u0119 zaledwie kilka minut jazdy samochodem od hotelu<\/li>\n<li>\u0141agodne temperatury zar\u00f3wno latem, jak i zim\u0105<\/li>\n<li>Unikalny ekosystem, kt\u00f3ry od dziesi\u0119cioleci przyci\u0105ga ludzi z ca\u0142ego \u015bwiata<\/li>\n<\/ul>\n<ul>\n<li>Miasto t\u0119tni \u017cyciem nawet od pa\u017adziernika do lutego<br \/>\n.<\/li>\n<\/ul>\n","protected":false},"excerpt":{"rendered":"<p>Cena sprzeda\u017cy od 745 000 \u20ac (Wy\u0142\u0105czne koszty zakupu jak podatki i notariusz), powierzchnia mieszkalna od 377 m2 Parter Wej\u015bcie ze sta\u0142\u0105 klatk\u0105 schodow\u0105. Winda jest opcjonalna 2 sypialnie z szaf\u0105, ka\u017cda z 1 \u0142azienk\u0105 z kabin\u0105 prysznicow\u0105 Salon, kt\u00f3ry mo\u017cna udekorowa\u0107 wed\u0142ug w\u0142asnych upodoba\u0144 Parking na jeden samoch\u00f3d Pomieszczenie magazynowe Ogr\u00f3d o powierzchni 18 [&hellip;]<\/p>\n","protected":false},"featured_media":26427,"comment_status":"open","ping_status":"closed","template":"","meta":{"_acf_changed":false},"product_brand":[],"product_cat":[193,198],"product_tag":[],"class_list":{"0":"post-27189","1":"product","2":"type-product","3":"status-publish","4":"has-post-thumbnail","6":"province-malaga","7":"places-benalmadena","8":"country-spanje","9":"region-costa-del-sol","10":"product_cat-basen-komunalny","11":"product_cat-nad-morzem","13":"first","14":"instock","15":"shipping-taxable","16":"purchasable","17":"product-type-simple"},"acf":[],"yoast_head":"<!-- This site is optimized with the Yoast SEO plugin v27.3 - https:\/\/yoast.com\/product\/yoast-seo-wordpress\/ -->\n<title>Luksusowe wille Blue Sea z fenomenalnym widokiem na Morze \u015ar\u00f3dziemne - Sun Sure Estates<\/title>\n<meta name=\"robots\" content=\"index, follow, max-snippet:-1, max-image-preview:large, max-video-preview:-1\" \/>\n<link rel=\"canonical\" href=\"https:\/\/www.sun-sure-estates.com\/pl\/produkt\/luksusowe-wille-blue-sea-z-fenomenalnym-widokiem-na-morze-srodziemne\/\" \/>\n<meta property=\"og:locale\" content=\"pl_PL\" \/>\n<meta property=\"og:type\" content=\"article\" \/>\n<meta property=\"og:title\" content=\"Luksusowe wille Blue Sea z fenomenalnym widokiem na Morze \u015ar\u00f3dziemne - Sun Sure Estates\" \/>\n<meta property=\"og:description\" content=\"Cena sprzeda\u017cy od 745 000 \u20ac (Wy\u0142\u0105czne koszty zakupu jak podatki i notariusz), powierzchnia mieszkalna od 377 m2 Parter Wej\u015bcie ze sta\u0142\u0105 klatk\u0105 schodow\u0105. Winda jest opcjonalna 2 sypialnie z szaf\u0105, ka\u017cda z 1 \u0142azienk\u0105 z kabin\u0105 prysznicow\u0105 Salon, kt\u00f3ry mo\u017cna udekorowa\u0107 wed\u0142ug w\u0142asnych upodoba\u0144 Parking na jeden samoch\u00f3d Pomieszczenie magazynowe Ogr\u00f3d o powierzchni 18 [&hellip;]\" \/>\n<meta property=\"og:url\" content=\"https:\/\/www.sun-sure-estates.com\/pl\/produkt\/luksusowe-wille-blue-sea-z-fenomenalnym-widokiem-na-morze-srodziemne\/\" \/>\n<meta property=\"og:site_name\" content=\"Sun Sure Estates\" \/>\n<meta property=\"article:modified_time\" content=\"2023-06-23T05:38:52+00:00\" \/>\n<meta property=\"og:image\" content=\"https:\/\/www.sun-sure-estates.com\/wp-content\/uploads\/2023\/05\/1.webp\" \/>\n\t<meta property=\"og:image:width\" content=\"1280\" \/>\n\t<meta property=\"og:image:height\" content=\"640\" \/>\n\t<meta property=\"og:image:type\" content=\"image\/webp\" \/>\n<meta name=\"twitter:card\" content=\"summary_large_image\" \/>\n<meta name=\"twitter:label1\" content=\"Szacowany czas czytania\" \/>\n\t<meta name=\"twitter:data1\" content=\"3 minuty\" \/>\n<script type=\"application\/ld+json\" class=\"yoast-schema-graph\">{\"@context\":\"https:\\\/\\\/schema.org\",\"@graph\":[{\"@type\":\"WebPage\",\"@id\":\"https:\\\/\\\/www.sun-sure-estates.com\\\/pl\\\/produkt\\\/luksusowe-wille-blue-sea-z-fenomenalnym-widokiem-na-morze-srodziemne\\\/\",\"url\":\"https:\\\/\\\/www.sun-sure-estates.com\\\/pl\\\/produkt\\\/luksusowe-wille-blue-sea-z-fenomenalnym-widokiem-na-morze-srodziemne\\\/\",\"name\":\"Luksusowe wille Blue Sea z fenomenalnym widokiem na Morze \u015ar\u00f3dziemne - Sun Sure Estates\",\"isPartOf\":{\"@id\":\"https:\\\/\\\/www.sun-sure-estates.com\\\/pl\\\/#website\"},\"primaryImageOfPage\":{\"@id\":\"https:\\\/\\\/www.sun-sure-estates.com\\\/pl\\\/produkt\\\/luksusowe-wille-blue-sea-z-fenomenalnym-widokiem-na-morze-srodziemne\\\/#primaryimage\"},\"image\":{\"@id\":\"https:\\\/\\\/www.sun-sure-estates.com\\\/pl\\\/produkt\\\/luksusowe-wille-blue-sea-z-fenomenalnym-widokiem-na-morze-srodziemne\\\/#primaryimage\"},\"thumbnailUrl\":\"https:\\\/\\\/www.sun-sure-estates.com\\\/wp-content\\\/uploads\\\/2023\\\/05\\\/1.webp\",\"datePublished\":\"2023-06-23T05:38:51+00:00\",\"dateModified\":\"2023-06-23T05:38:52+00:00\",\"breadcrumb\":{\"@id\":\"https:\\\/\\\/www.sun-sure-estates.com\\\/pl\\\/produkt\\\/luksusowe-wille-blue-sea-z-fenomenalnym-widokiem-na-morze-srodziemne\\\/#breadcrumb\"},\"inLanguage\":\"pl-PL\",\"potentialAction\":[{\"@type\":\"ReadAction\",\"target\":[\"https:\\\/\\\/www.sun-sure-estates.com\\\/pl\\\/produkt\\\/luksusowe-wille-blue-sea-z-fenomenalnym-widokiem-na-morze-srodziemne\\\/\"]}]},{\"@type\":\"ImageObject\",\"inLanguage\":\"pl-PL\",\"@id\":\"https:\\\/\\\/www.sun-sure-estates.com\\\/pl\\\/produkt\\\/luksusowe-wille-blue-sea-z-fenomenalnym-widokiem-na-morze-srodziemne\\\/#primaryimage\",\"url\":\"https:\\\/\\\/www.sun-sure-estates.com\\\/wp-content\\\/uploads\\\/2023\\\/05\\\/1.webp\",\"contentUrl\":\"https:\\\/\\\/www.sun-sure-estates.com\\\/wp-content\\\/uploads\\\/2023\\\/05\\\/1.webp\",\"width\":1280,\"height\":640},{\"@type\":\"BreadcrumbList\",\"@id\":\"https:\\\/\\\/www.sun-sure-estates.com\\\/pl\\\/produkt\\\/luksusowe-wille-blue-sea-z-fenomenalnym-widokiem-na-morze-srodziemne\\\/#breadcrumb\",\"itemListElement\":[{\"@type\":\"ListItem\",\"position\":1,\"name\":\"Home\",\"item\":\"https:\\\/\\\/www.sun-sure-estates.com\\\/pl\\\/strona-glowna\\\/\"},{\"@type\":\"ListItem\",\"position\":2,\"name\":\"Winkel\",\"item\":\"https:\\\/\\\/www.sun-sure-estates.com\\\/winkel\\\/\"},{\"@type\":\"ListItem\",\"position\":3,\"name\":\"Luksusowe wille Blue Sea z fenomenalnym widokiem na Morze \u015ar\u00f3dziemne\"}]},{\"@type\":\"WebSite\",\"@id\":\"https:\\\/\\\/www.sun-sure-estates.com\\\/pl\\\/#website\",\"url\":\"https:\\\/\\\/www.sun-sure-estates.com\\\/pl\\\/\",\"name\":\"Sun Sure Estates\",\"description\":\"Beleggen of wonen in je eigen huis onder de zon\",\"potentialAction\":[{\"@type\":\"SearchAction\",\"target\":{\"@type\":\"EntryPoint\",\"urlTemplate\":\"https:\\\/\\\/www.sun-sure-estates.com\\\/pl\\\/?s={search_term_string}\"},\"query-input\":{\"@type\":\"PropertyValueSpecification\",\"valueRequired\":true,\"valueName\":\"search_term_string\"}}],\"inLanguage\":\"pl-PL\"}]}<\/script>\n<!-- \/ Yoast SEO plugin. -->","yoast_head_json":{"title":"Luksusowe wille Blue Sea z fenomenalnym widokiem na Morze \u015ar\u00f3dziemne - Sun Sure Estates","robots":{"index":"index","follow":"follow","max-snippet":"max-snippet:-1","max-image-preview":"max-image-preview:large","max-video-preview":"max-video-preview:-1"},"canonical":"https:\/\/www.sun-sure-estates.com\/pl\/produkt\/luksusowe-wille-blue-sea-z-fenomenalnym-widokiem-na-morze-srodziemne\/","og_locale":"pl_PL","og_type":"article","og_title":"Luksusowe wille Blue Sea z fenomenalnym widokiem na Morze \u015ar\u00f3dziemne - Sun Sure Estates","og_description":"Cena sprzeda\u017cy od 745 000 \u20ac (Wy\u0142\u0105czne koszty zakupu jak podatki i notariusz), powierzchnia mieszkalna od 377 m2 Parter Wej\u015bcie ze sta\u0142\u0105 klatk\u0105 schodow\u0105. Winda jest opcjonalna 2 sypialnie z szaf\u0105, ka\u017cda z 1 \u0142azienk\u0105 z kabin\u0105 prysznicow\u0105 Salon, kt\u00f3ry mo\u017cna udekorowa\u0107 wed\u0142ug w\u0142asnych upodoba\u0144 Parking na jeden samoch\u00f3d Pomieszczenie magazynowe Ogr\u00f3d o powierzchni 18 [&hellip;]","og_url":"https:\/\/www.sun-sure-estates.com\/pl\/produkt\/luksusowe-wille-blue-sea-z-fenomenalnym-widokiem-na-morze-srodziemne\/","og_site_name":"Sun Sure Estates","article_modified_time":"2023-06-23T05:38:52+00:00","og_image":[{"width":1280,"height":640,"url":"https:\/\/www.sun-sure-estates.com\/wp-content\/uploads\/2023\/05\/1.webp","type":"image\/webp"}],"twitter_card":"summary_large_image","twitter_misc":{"Szacowany czas czytania":"3 minuty"},"schema":{"@context":"https:\/\/schema.org","@graph":[{"@type":"WebPage","@id":"https:\/\/www.sun-sure-estates.com\/pl\/produkt\/luksusowe-wille-blue-sea-z-fenomenalnym-widokiem-na-morze-srodziemne\/","url":"https:\/\/www.sun-sure-estates.com\/pl\/produkt\/luksusowe-wille-blue-sea-z-fenomenalnym-widokiem-na-morze-srodziemne\/","name":"Luksusowe wille Blue Sea z fenomenalnym widokiem na Morze \u015ar\u00f3dziemne - Sun Sure Estates","isPartOf":{"@id":"https:\/\/www.sun-sure-estates.com\/pl\/#website"},"primaryImageOfPage":{"@id":"https:\/\/www.sun-sure-estates.com\/pl\/produkt\/luksusowe-wille-blue-sea-z-fenomenalnym-widokiem-na-morze-srodziemne\/#primaryimage"},"image":{"@id":"https:\/\/www.sun-sure-estates.com\/pl\/produkt\/luksusowe-wille-blue-sea-z-fenomenalnym-widokiem-na-morze-srodziemne\/#primaryimage"},"thumbnailUrl":"https:\/\/www.sun-sure-estates.com\/wp-content\/uploads\/2023\/05\/1.webp","datePublished":"2023-06-23T05:38:51+00:00","dateModified":"2023-06-23T05:38:52+00:00","breadcrumb":{"@id":"https:\/\/www.sun-sure-estates.com\/pl\/produkt\/luksusowe-wille-blue-sea-z-fenomenalnym-widokiem-na-morze-srodziemne\/#breadcrumb"},"inLanguage":"pl-PL","potentialAction":[{"@type":"ReadAction","target":["https:\/\/www.sun-sure-estates.com\/pl\/produkt\/luksusowe-wille-blue-sea-z-fenomenalnym-widokiem-na-morze-srodziemne\/"]}]},{"@type":"ImageObject","inLanguage":"pl-PL","@id":"https:\/\/www.sun-sure-estates.com\/pl\/produkt\/luksusowe-wille-blue-sea-z-fenomenalnym-widokiem-na-morze-srodziemne\/#primaryimage","url":"https:\/\/www.sun-sure-estates.com\/wp-content\/uploads\/2023\/05\/1.webp","contentUrl":"https:\/\/www.sun-sure-estates.com\/wp-content\/uploads\/2023\/05\/1.webp","width":1280,"height":640},{"@type":"BreadcrumbList","@id":"https:\/\/www.sun-sure-estates.com\/pl\/produkt\/luksusowe-wille-blue-sea-z-fenomenalnym-widokiem-na-morze-srodziemne\/#breadcrumb","itemListElement":[{"@type":"ListItem","position":1,"name":"Home","item":"https:\/\/www.sun-sure-estates.com\/pl\/strona-glowna\/"},{"@type":"ListItem","position":2,"name":"Winkel","item":"https:\/\/www.sun-sure-estates.com\/winkel\/"},{"@type":"ListItem","position":3,"name":"Luksusowe wille Blue Sea z fenomenalnym widokiem na Morze \u015ar\u00f3dziemne"}]},{"@type":"WebSite","@id":"https:\/\/www.sun-sure-estates.com\/pl\/#website","url":"https:\/\/www.sun-sure-estates.com\/pl\/","name":"Sun Sure Estates","description":"Beleggen of wonen in je eigen huis onder de zon","potentialAction":[{"@type":"SearchAction","target":{"@type":"EntryPoint","urlTemplate":"https:\/\/www.sun-sure-estates.com\/pl\/?s={search_term_string}"},"query-input":{"@type":"PropertyValueSpecification","valueRequired":true,"valueName":"search_term_string"}}],"inLanguage":"pl-PL"}]}},"_links":{"self":[{"href":"https:\/\/www.sun-sure-estates.com\/pl\/wp-json\/wp\/v2\/product\/27189","targetHints":{"allow":["GET"]}}],"collection":[{"href":"https:\/\/www.sun-sure-estates.com\/pl\/wp-json\/wp\/v2\/product"}],"about":[{"href":"https:\/\/www.sun-sure-estates.com\/pl\/wp-json\/wp\/v2\/types\/product"}],"replies":[{"embeddable":true,"href":"https:\/\/www.sun-sure-estates.com\/pl\/wp-json\/wp\/v2\/comments?post=27189"}],"wp:featuredmedia":[{"embeddable":true,"href":"https:\/\/www.sun-sure-estates.com\/pl\/wp-json\/wp\/v2\/media\/26427"}],"wp:attachment":[{"href":"https:\/\/www.sun-sure-estates.com\/pl\/wp-json\/wp\/v2\/media?parent=27189"}],"wp:term":[{"taxonomy":"product_brand","embeddable":true,"href":"https:\/\/www.sun-sure-estates.com\/pl\/wp-json\/wp\/v2\/product_brand?post=27189"},{"taxonomy":"product_cat","embeddable":true,"href":"https:\/\/www.sun-sure-estates.com\/pl\/wp-json\/wp\/v2\/product_cat?post=27189"},{"taxonomy":"product_tag","embeddable":true,"href":"https:\/\/www.sun-sure-estates.com\/pl\/wp-json\/wp\/v2\/product_tag?post=27189"}],"curies":[{"name":"wp","href":"https:\/\/api.w.org\/{rel}","templated":true}]}}