{"id":27193,"date":"2023-05-04T18:35:35","date_gmt":"2023-06-05T15:10:28","guid":{"rendered":"https:\/\/www.sun-sure-estates.com\/?post_type=product&#038;p=27193"},"modified":"2023-06-05T17:10:29","modified_gmt":"2023-06-05T15:10:29","slug":"majestatyczne-rezydencje","status":"publish","type":"product","link":"https:\/\/www.sun-sure-estates.com\/pl\/produkt\/majestatyczne-rezydencje\/","title":{"rendered":"Majestatyczne Rezydencje"},"content":{"rendered":"<p style=\"font-weight: 400;\">&#8217;Wariant z 2 sypialniami&#8217; od 325 000 \u20ac (Wy\u0142\u0105czne koszty zakupu jak podatki i notariusz), powierzchnia mieszkalna 86 m2<\/p>\n<ul>\n<li>Przestronny salon, otwarta kuchnia z barem i jadalni\u0105.<\/li>\n<li>2 sypialnie<\/li>\n<li>2 \u0142azienki z kabin\u0105 prysznicow\u0105, z kt\u00f3rych jedna jest jest 'en-suite&#8217; do g\u0142\u00f3wnej sypialni<\/li>\n<li>Otwarta kuchnia ze zintegrowanym ekstraktorem Siemens, piekarnikiem elektrycznym ze stali nierdzewnej, kuchenk\u0105 mikrofalow\u0105, p\u0142yt\u0105 indukcyjn\u0105, lod\u00f3wk\u0105 i zmywark\u0105,<\/li>\n<li>Sta\u0142a szafka z pralk\u0105<\/li>\n<li>Taras o powierzchni 24 m2 wyposa\u017cony w p\u0142ytki antypo\u015blizgowe<\/li>\n<li>Solarium 85 m2<\/li>\n<\/ul>\n<p style=\"font-weight: 400;\">&#8217;Wariant z 3 sypialniami&#8217; od \u20ac 383.000,00 (Wy\u0142\u0105czne koszty zakupu jak podatki i notariusz), powierzchnia mieszkalna 106 m2 \u00a0do 174 <sup>m2<br \/>\n<\/sup><\/p>\n<ul>\n<li>Przestronny salon, otwarta kuchnia z barem i jadalni\u0105.<\/li>\n<li>3 sypialnie<\/li>\n<li>2 \u0142azienki z kabin\u0105 prysznicow\u0105, z kt\u00f3rych jedna jest 'en-suite&#8217; do g\u0142\u00f3wnej sypialni<\/li>\n<li>Otwarta kuchnia ze zintegrowanym ekstraktorem Siemens, piekarnikiem elektrycznym ze stali nierdzewnej, kuchenk\u0105 mikrofalow\u0105, p\u0142yt\u0105 indukcyjn\u0105, lod\u00f3wk\u0105 i zmywark\u0105<\/li>\n<li>Du\u017ca szafa na pralk\u0119<\/li>\n<li>Zadaszony taras od strony morza 24 m2 i du\u017cy taras z ty\u0142u mieszkania<\/li>\n<\/ul>\n<p style=\"font-weight: 400;\"><u>Informacje og\u00f3lne<\/u><u><br \/>\n<\/u><\/p>\n<ul>\n<li>Ogrzewanie pod\u0142ogowe \u0142azienki<\/li>\n<li>Klimatyzacja w cenie<\/li>\n<li>Aerotermalny system ciep\u0142ej wody u\u017cytkowej<\/li>\n<li>Domofon wideo<\/li>\n<li>Wpuszczane \u015bwiat\u0142a LED w sufitach kuchni, korytarzach, \u0142azienkach i kinkiecie tarasowym<\/li>\n<li>Gara\u017c hotelowy<\/li>\n<\/ul>\n<p style=\"font-weight: 400;\"><u>Kompleks informacji og\u00f3lnych<\/u><\/p>\n<ul>\n<li style=\"font-weight: 400;\">Winda do gara\u017cu i ka\u017cdego pi\u0119tra mieszkalnego<\/li>\n<li style=\"font-weight: 400;\">Wsp\u00f3lny odkryty basen z ogrodem krajobrazowym z miejscem do opalania<\/li>\n<li style=\"font-weight: 400;\">Nowoczesna i pi\u0119knie wyposa\u017cona si\u0142ownia<\/li>\n<\/ul>\n<p>Zadzwo\u0144 lub WhatsApp w celu uzyskania informacji pod numer +31 6 27 04 07 82<br \/>\nNapisz lub WhatsApp, aby uzyska\u0107 informacje info@sun-sure-estates.com<\/p>\n<p style=\"font-weight: 400;\"><u>Opis mieszkania<\/u><\/p>\n<p style=\"font-weight: 400;\">Witamy w Benalm\u00e1dena na Costa del Sol, gdzie ten pi\u0119kny znajduj\u0119 si\u0119 ten kompleks apartament\u00f3w z przepi\u0119knym panoramicznym widokiem na Morze \u015ar\u00f3dziemne. Kompleks b\u0119dzie wyposa\u017cony w wsp\u00f3lny odkryty basen, miejsce do opalania i si\u0142owni\u0119. Mieszkania zosta\u0142y zaprojektowane przez architekta tak, aby wpu\u015bci\u0107 du\u017co \u015bwiat\u0142a do salonu i jadalni. Zapraszamy do czytania dalej, poniewa\u017c jest wiele powod\u00f3w, aby przyjecha\u0107 na po\u0142udniowe wybrze\u017ce Hiszpanii, aby cieszy\u0107 si\u0119 s\u0142o\u0144cem, morzem i pi\u0119knymi piaszczystymi pla\u017cami.<\/p>\n<p style=\"font-weight: 400;\">Uk\u0142ad<\/p>\n<p style=\"font-weight: 400;\">Mieszkanie, wyko\u0144czone pi\u0119knymi p\u0142ytkami ceramicznymi, sk\u0142ada si\u0119 z salonu, kuchni na otwartym planie z barem i jadalni\u0105. Do wyboru s\u0105 mieszkania z 2 lub 3 sypialniami, 2 \u0142azienkami z kabin\u0105 prysznicow\u0105, z kt\u00f3rych 1 \u0142azienka znajduje si\u0119 &#8222;en-suite&#8221; z g\u0142\u00f3wn\u0105 sypialni\u0105. Z salonu, otwartej kuchni i jadalni roztacza si\u0119 pi\u0119kny widok na Morze \u015ar\u00f3dziemne.<\/p>\n<p style=\"font-weight: 400;\">Na zewn\u0105trz<\/p>\n<p style=\"font-weight: 400;\">Z salonu i jadalni rozci\u0105ga si\u0119 du\u017cy zadaszony i wy\u0142o\u017cony kafelkami taras, oferuj\u0105cy mn\u00f3stwo prywatno\u015bci. St\u0105d roztaczaj\u0105 si\u0119 pi\u0119kne panoramiczne widoki na Morze \u015ar\u00f3dziemne.<\/p>\n<p style=\"font-weight: 400;\">Udogodnienia<\/p>\n<p style=\"font-weight: 400;\">Kompleks po\u0142o\u017cony jest na du\u017cej dzia\u0142ce na wzg\u00f3rzach Benalm\u00e1deny. Tutaj znajduje si\u0119 pi\u0119knie zaprojektowany wsp\u00f3lny ogr\u00f3d na dziedzi\u0144cu z du\u017c\u0105 ilo\u015bci\u0105 zieleni i palm, z miejscem do opalania i odkrytym basenem. St\u0105d te\u017c roztaczaj\u0105 si\u0119 pi\u0119kne widoki na Morze \u015ar\u00f3dziemne. Na terenie kompleksu znajduje si\u0119 r\u00f3wnie\u017c pi\u0119kna i nowoczesna si\u0142ownia.<\/p>\n<p style=\"font-weight: 400;\">W zamkni\u0119tym gara\u017cu podziemnym, do kt\u00f3rego mo\u017cna r\u00f3wnie\u017c dosta\u0107 si\u0119 wind\u0105, dost\u0119pne jest miejsce parkingowe na jeden samoch\u00f3d oraz prywatna kom\u00f3rka lokatorska.<\/p>\n<p style=\"font-weight: 400;\"><u>Region i unikalne aspekty<br \/>\n<\/u><\/p>\n<ul>\n<li>Kompleks apartament\u00f3w stoi na wzg\u00f3rzach w nowej cz\u0119\u015bci miasta Benalm\u00e1dena<\/li>\n<li>Obszar ten wyr\u00f3\u017cnia si\u0119 pi\u0119kn\u0105 lini\u0105 brzegow\u0105 Morza \u015ar\u00f3dziemnego ze wspania\u0142ymi piaszczystymi pla\u017cami<\/li>\n<li>Wa\u017cne drogi \u0142\u0105cz\u0105ce oddalone s\u0105 o zaledwie kilka minut jazdy samochodem<\/li>\n<li>\u0141agodne temperatury zar\u00f3wno latem, jak i zim\u0105<\/li>\n<li>Unikalny ekosystem, kt\u00f3ry od dziesi\u0119cioleci przyci\u0105ga ludzi z ca\u0142ego \u015bwiata<\/li>\n<li>Miasto t\u0119tni \u017cyciem nawet od pa\u017adziernika do lutego<\/li>\n<\/ul>\n","protected":false},"excerpt":{"rendered":"<p>&#8217;Wariant z 2 sypialniami&#8217; od 325 000 \u20ac (Wy\u0142\u0105czne koszty zakupu jak podatki i notariusz), powierzchnia mieszkalna 86 m2 Przestronny salon, otwarta kuchnia z barem i jadalni\u0105. 2 sypialnie 2 \u0142azienki z kabin\u0105 prysznicow\u0105, z kt\u00f3rych jedna jest jest 'en-suite&#8217; do g\u0142\u00f3wnej sypialni Otwarta kuchnia ze zintegrowanym ekstraktorem Siemens, piekarnikiem elektrycznym ze stali nierdzewnej, kuchenk\u0105 [&hellip;]<\/p>\n","protected":false},"featured_media":26483,"comment_status":"open","ping_status":"closed","template":"","meta":{"_acf_changed":false},"product_brand":[],"product_cat":[193,198,197],"product_tag":[],"class_list":{"0":"post-27193","1":"product","2":"type-product","3":"status-publish","4":"has-post-thumbnail","6":"province-malaga","7":"places-benalmadena","8":"country-spanje","9":"region-costa-del-sol","10":"product_cat-basen-komunalny","11":"product_cat-nad-morzem","12":"product_cat-plaski","14":"first","15":"instock","16":"shipping-taxable","17":"purchasable","18":"product-type-simple"},"acf":[],"yoast_head":"<!-- This site is optimized with the Yoast SEO plugin v27.5 - https:\/\/yoast.com\/product\/yoast-seo-wordpress\/ -->\n<title>Majestatyczne Rezydencje - Sun Sure Estates<\/title>\n<meta name=\"robots\" content=\"index, follow, max-snippet:-1, max-image-preview:large, max-video-preview:-1\" \/>\n<link rel=\"canonical\" href=\"https:\/\/www.sun-sure-estates.com\/pl\/produkt\/majestatyczne-rezydencje\/\" \/>\n<meta property=\"og:locale\" content=\"pl_PL\" \/>\n<meta property=\"og:type\" content=\"article\" \/>\n<meta property=\"og:title\" content=\"Majestatyczne Rezydencje - Sun Sure Estates\" \/>\n<meta property=\"og:description\" content=\"&#8217;Wariant z 2 sypialniami&#8217; od 325 000 \u20ac (Wy\u0142\u0105czne koszty zakupu jak podatki i notariusz), powierzchnia mieszkalna 86 m2 Przestronny salon, otwarta kuchnia z barem i jadalni\u0105. 2 sypialnie 2 \u0142azienki z kabin\u0105 prysznicow\u0105, z kt\u00f3rych jedna jest jest &#039;en-suite&#8217; do g\u0142\u00f3wnej sypialni Otwarta kuchnia ze zintegrowanym ekstraktorem Siemens, piekarnikiem elektrycznym ze stali nierdzewnej, kuchenk\u0105 [&hellip;]\" \/>\n<meta property=\"og:url\" content=\"https:\/\/www.sun-sure-estates.com\/pl\/produkt\/majestatyczne-rezydencje\/\" \/>\n<meta property=\"og:site_name\" content=\"Sun Sure Estates\" \/>\n<meta property=\"article:modified_time\" content=\"2023-06-05T15:10:29+00:00\" \/>\n<meta property=\"og:image\" content=\"https:\/\/www.sun-sure-estates.com\/wp-content\/uploads\/2023\/05\/1-1.webp\" \/>\n\t<meta property=\"og:image:width\" content=\"1900\" \/>\n\t<meta property=\"og:image:height\" content=\"950\" \/>\n\t<meta property=\"og:image:type\" content=\"image\/webp\" \/>\n<meta name=\"twitter:card\" content=\"summary_large_image\" \/>\n<meta name=\"twitter:label1\" content=\"Szacowany czas czytania\" \/>\n\t<meta name=\"twitter:data1\" content=\"3 minuty\" \/>\n<script type=\"application\/ld+json\" class=\"yoast-schema-graph\">{\"@context\":\"https:\\\/\\\/schema.org\",\"@graph\":[{\"@type\":\"WebPage\",\"@id\":\"https:\\\/\\\/www.sun-sure-estates.com\\\/pl\\\/produkt\\\/majestatyczne-rezydencje\\\/\",\"url\":\"https:\\\/\\\/www.sun-sure-estates.com\\\/pl\\\/produkt\\\/majestatyczne-rezydencje\\\/\",\"name\":\"Majestatyczne Rezydencje - Sun Sure Estates\",\"isPartOf\":{\"@id\":\"https:\\\/\\\/www.sun-sure-estates.com\\\/pl\\\/#website\"},\"primaryImageOfPage\":{\"@id\":\"https:\\\/\\\/www.sun-sure-estates.com\\\/pl\\\/produkt\\\/majestatyczne-rezydencje\\\/#primaryimage\"},\"image\":{\"@id\":\"https:\\\/\\\/www.sun-sure-estates.com\\\/pl\\\/produkt\\\/majestatyczne-rezydencje\\\/#primaryimage\"},\"thumbnailUrl\":\"https:\\\/\\\/www.sun-sure-estates.com\\\/wp-content\\\/uploads\\\/2023\\\/05\\\/1-1.webp\",\"datePublished\":\"2023-06-05T15:10:28+00:00\",\"dateModified\":\"2023-06-05T15:10:29+00:00\",\"breadcrumb\":{\"@id\":\"https:\\\/\\\/www.sun-sure-estates.com\\\/pl\\\/produkt\\\/majestatyczne-rezydencje\\\/#breadcrumb\"},\"inLanguage\":\"pl-PL\",\"potentialAction\":[{\"@type\":\"ReadAction\",\"target\":[\"https:\\\/\\\/www.sun-sure-estates.com\\\/pl\\\/produkt\\\/majestatyczne-rezydencje\\\/\"]}]},{\"@type\":\"ImageObject\",\"inLanguage\":\"pl-PL\",\"@id\":\"https:\\\/\\\/www.sun-sure-estates.com\\\/pl\\\/produkt\\\/majestatyczne-rezydencje\\\/#primaryimage\",\"url\":\"https:\\\/\\\/www.sun-sure-estates.com\\\/wp-content\\\/uploads\\\/2023\\\/05\\\/1-1.webp\",\"contentUrl\":\"https:\\\/\\\/www.sun-sure-estates.com\\\/wp-content\\\/uploads\\\/2023\\\/05\\\/1-1.webp\",\"width\":1900,\"height\":950},{\"@type\":\"BreadcrumbList\",\"@id\":\"https:\\\/\\\/www.sun-sure-estates.com\\\/pl\\\/produkt\\\/majestatyczne-rezydencje\\\/#breadcrumb\",\"itemListElement\":[{\"@type\":\"ListItem\",\"position\":1,\"name\":\"Home\",\"item\":\"https:\\\/\\\/www.sun-sure-estates.com\\\/pl\\\/strona-glowna\\\/\"},{\"@type\":\"ListItem\",\"position\":2,\"name\":\"Winkel\",\"item\":\"https:\\\/\\\/www.sun-sure-estates.com\\\/winkel\\\/\"},{\"@type\":\"ListItem\",\"position\":3,\"name\":\"Majestatyczne Rezydencje\"}]},{\"@type\":\"WebSite\",\"@id\":\"https:\\\/\\\/www.sun-sure-estates.com\\\/pl\\\/#website\",\"url\":\"https:\\\/\\\/www.sun-sure-estates.com\\\/pl\\\/\",\"name\":\"Sun Sure Estates\",\"description\":\"Beleggen of wonen in je eigen huis onder de zon\",\"potentialAction\":[{\"@type\":\"SearchAction\",\"target\":{\"@type\":\"EntryPoint\",\"urlTemplate\":\"https:\\\/\\\/www.sun-sure-estates.com\\\/pl\\\/?s={search_term_string}\"},\"query-input\":{\"@type\":\"PropertyValueSpecification\",\"valueRequired\":true,\"valueName\":\"search_term_string\"}}],\"inLanguage\":\"pl-PL\"}]}<\/script>\n<!-- \/ Yoast SEO plugin. -->","yoast_head_json":{"title":"Majestatyczne Rezydencje - Sun Sure Estates","robots":{"index":"index","follow":"follow","max-snippet":"max-snippet:-1","max-image-preview":"max-image-preview:large","max-video-preview":"max-video-preview:-1"},"canonical":"https:\/\/www.sun-sure-estates.com\/pl\/produkt\/majestatyczne-rezydencje\/","og_locale":"pl_PL","og_type":"article","og_title":"Majestatyczne Rezydencje - Sun Sure Estates","og_description":"&#8217;Wariant z 2 sypialniami&#8217; od 325 000 \u20ac (Wy\u0142\u0105czne koszty zakupu jak podatki i notariusz), powierzchnia mieszkalna 86 m2 Przestronny salon, otwarta kuchnia z barem i jadalni\u0105. 2 sypialnie 2 \u0142azienki z kabin\u0105 prysznicow\u0105, z kt\u00f3rych jedna jest jest 'en-suite&#8217; do g\u0142\u00f3wnej sypialni Otwarta kuchnia ze zintegrowanym ekstraktorem Siemens, piekarnikiem elektrycznym ze stali nierdzewnej, kuchenk\u0105 [&hellip;]","og_url":"https:\/\/www.sun-sure-estates.com\/pl\/produkt\/majestatyczne-rezydencje\/","og_site_name":"Sun Sure Estates","article_modified_time":"2023-06-05T15:10:29+00:00","og_image":[{"width":1900,"height":950,"url":"https:\/\/www.sun-sure-estates.com\/wp-content\/uploads\/2023\/05\/1-1.webp","type":"image\/webp"}],"twitter_card":"summary_large_image","twitter_misc":{"Szacowany czas czytania":"3 minuty"},"schema":{"@context":"https:\/\/schema.org","@graph":[{"@type":"WebPage","@id":"https:\/\/www.sun-sure-estates.com\/pl\/produkt\/majestatyczne-rezydencje\/","url":"https:\/\/www.sun-sure-estates.com\/pl\/produkt\/majestatyczne-rezydencje\/","name":"Majestatyczne Rezydencje - Sun Sure Estates","isPartOf":{"@id":"https:\/\/www.sun-sure-estates.com\/pl\/#website"},"primaryImageOfPage":{"@id":"https:\/\/www.sun-sure-estates.com\/pl\/produkt\/majestatyczne-rezydencje\/#primaryimage"},"image":{"@id":"https:\/\/www.sun-sure-estates.com\/pl\/produkt\/majestatyczne-rezydencje\/#primaryimage"},"thumbnailUrl":"https:\/\/www.sun-sure-estates.com\/wp-content\/uploads\/2023\/05\/1-1.webp","datePublished":"2023-06-05T15:10:28+00:00","dateModified":"2023-06-05T15:10:29+00:00","breadcrumb":{"@id":"https:\/\/www.sun-sure-estates.com\/pl\/produkt\/majestatyczne-rezydencje\/#breadcrumb"},"inLanguage":"pl-PL","potentialAction":[{"@type":"ReadAction","target":["https:\/\/www.sun-sure-estates.com\/pl\/produkt\/majestatyczne-rezydencje\/"]}]},{"@type":"ImageObject","inLanguage":"pl-PL","@id":"https:\/\/www.sun-sure-estates.com\/pl\/produkt\/majestatyczne-rezydencje\/#primaryimage","url":"https:\/\/www.sun-sure-estates.com\/wp-content\/uploads\/2023\/05\/1-1.webp","contentUrl":"https:\/\/www.sun-sure-estates.com\/wp-content\/uploads\/2023\/05\/1-1.webp","width":1900,"height":950},{"@type":"BreadcrumbList","@id":"https:\/\/www.sun-sure-estates.com\/pl\/produkt\/majestatyczne-rezydencje\/#breadcrumb","itemListElement":[{"@type":"ListItem","position":1,"name":"Home","item":"https:\/\/www.sun-sure-estates.com\/pl\/strona-glowna\/"},{"@type":"ListItem","position":2,"name":"Winkel","item":"https:\/\/www.sun-sure-estates.com\/winkel\/"},{"@type":"ListItem","position":3,"name":"Majestatyczne Rezydencje"}]},{"@type":"WebSite","@id":"https:\/\/www.sun-sure-estates.com\/pl\/#website","url":"https:\/\/www.sun-sure-estates.com\/pl\/","name":"Sun Sure Estates","description":"Beleggen of wonen in je eigen huis onder de zon","potentialAction":[{"@type":"SearchAction","target":{"@type":"EntryPoint","urlTemplate":"https:\/\/www.sun-sure-estates.com\/pl\/?s={search_term_string}"},"query-input":{"@type":"PropertyValueSpecification","valueRequired":true,"valueName":"search_term_string"}}],"inLanguage":"pl-PL"}]}},"_links":{"self":[{"href":"https:\/\/www.sun-sure-estates.com\/pl\/wp-json\/wp\/v2\/product\/27193","targetHints":{"allow":["GET"]}}],"collection":[{"href":"https:\/\/www.sun-sure-estates.com\/pl\/wp-json\/wp\/v2\/product"}],"about":[{"href":"https:\/\/www.sun-sure-estates.com\/pl\/wp-json\/wp\/v2\/types\/product"}],"replies":[{"embeddable":true,"href":"https:\/\/www.sun-sure-estates.com\/pl\/wp-json\/wp\/v2\/comments?post=27193"}],"wp:featuredmedia":[{"embeddable":true,"href":"https:\/\/www.sun-sure-estates.com\/pl\/wp-json\/wp\/v2\/media\/26483"}],"wp:attachment":[{"href":"https:\/\/www.sun-sure-estates.com\/pl\/wp-json\/wp\/v2\/media?parent=27193"}],"wp:term":[{"taxonomy":"product_brand","embeddable":true,"href":"https:\/\/www.sun-sure-estates.com\/pl\/wp-json\/wp\/v2\/product_brand?post=27193"},{"taxonomy":"product_cat","embeddable":true,"href":"https:\/\/www.sun-sure-estates.com\/pl\/wp-json\/wp\/v2\/product_cat?post=27193"},{"taxonomy":"product_tag","embeddable":true,"href":"https:\/\/www.sun-sure-estates.com\/pl\/wp-json\/wp\/v2\/product_tag?post=27193"}],"curies":[{"name":"wp","href":"https:\/\/api.w.org\/{rel}","templated":true}]}}