{"id":27194,"date":"2023-03-21T21:15:42","date_gmt":"2023-06-05T16:06:44","guid":{"rendered":"https:\/\/www.sun-sure-estates.com\/?post_type=product&#038;p=27194"},"modified":"2023-06-05T18:06:45","modified_gmt":"2023-06-05T16:06:45","slug":"calkowicie-przebudowane-mieszkanie-na-parterze-villa-royal","status":"publish","type":"product","link":"https:\/\/www.sun-sure-estates.com\/pl\/produkt\/calkowicie-przebudowane-mieszkanie-na-parterze-villa-royal\/","title":{"rendered":"Ca\u0142kowicie przebudowane mieszkanie na parterze Villa Royal"},"content":{"rendered":"<p style=\"font-weight: 400;\">Cena sprzeda\u017cy \u20ac 795.000,00 (Wy\u0142\u0105czne koszty zakupu jak podatki i notariusz), powierzchnia mieszkalna 182 <sup>m2<\/sup><\/p>\n<ul>\n<li>Przestronny salon, otwarta kuchnia z wysp\u0105 kuchenn\u0105 i jadalni\u0105<\/li>\n<li>4 Przestronne sypialnie z garderob\u0105<\/li>\n<li>3 \u0141azienki z prysznicem, z kt\u00f3rych jedna jest &#8222;en-suite&#8221; dla g\u0142\u00f3wnej sypialni<\/li>\n<li>Kuchnia wyposa\u017cona jest w piekarnik, p\u0142yt\u0119 indukcyjn\u0105 z systemem wyci\u0105gowym Bora, zmywark\u0119 i lod\u00f3wk\u0119 z zamra\u017cark\u0105<\/li>\n<li>Pomieszczenie gospodarcze z pralk\u0105<\/li>\n<li>Pomieszczenie z 1 toalet\u0105 dla go\u015bci<\/li>\n<li>Tarasy o powierzchni 100 m2 i solarium<\/li>\n<\/ul>\n<p style=\"font-weight: 400;\"><u>Informacje og\u00f3lne<\/u><u><br \/>\n<\/u><\/p>\n<ul>\n<li>Ciep\u0142a i zimna klimatyzacja ca\u0142ego mieszkania<\/li>\n<li>Aerotermalny system ciep\u0142ej wody u\u017cytkowej<\/li>\n<li>Rolety elektryczne<\/li>\n<li>Prywatny parking w gara\u017cu podziemnym z 1 pomieszczenie gospodarczym<\/li>\n<li>Dost\u0119p do windy z g\u0142\u00f3wnego wej\u015bcia do gara\u017cu<\/li>\n<\/ul>\n<p style=\"font-weight: 400;\"><u>Kompleks informacji og\u00f3lnych<\/u><\/p>\n<ul>\n<li>Zamkni\u0119ta, strze\u017cona 24\/7 urbanizacja<\/li>\n<li>Wsp\u00f3lny podgrzewany basen zewn\u0119trzny z ogrodem krajobrazowym z tarasami s\u0142onecznymi<\/li>\n<li>Orientacja: po\u0142udniowy wsch\u00f3d\/po\u0142udnie<\/li>\n<\/ul>\n<p>Zadzwo\u0144 lub WhatsApp w celu uzyskania informacji pod numer +31 6 27 04 07 82<br \/>\nMo\u017cesz r\u00f3wnie\u017c wys\u0142a\u0107 niewi\u0105\u017c\u0105c\u0105 wiadomo\u015b\u0107 e-mail do info@sun-sure-estates.com<\/p>\n<p style=\"font-weight: 400;\"><u>Opis apartamentu<\/u><\/p>\n<p style=\"font-weight: 400;\">Uk\u0142ad<\/p>\n<p>Niedawno odnowione i atrakcyjne mieszkanie naro\u017cne, wyposa\u017cone w pi\u0119kne marmurowe pod\u0142ogi, sk\u0142ada si\u0119\u00a0 z przestronnego salonu, du\u017cej otwartej kuchni z wysp\u0105 kuchenn\u0105 i jadalni. Istniej\u0105 nie mniej ni\u017c 4 sypialnie z dopasowanymi szafami i 3 \u0142azienki z prysznicem walk-in. Jedna \u0142azienka znajduje si\u0119 &#8222;en-suite&#8221; z g\u0142\u00f3wnej sypialni z wann\u0105. W ka\u017cdej sypialni, sufit jest wyposa\u017cony w po\u015brednie o\u015bwietlenie. Z salonu, otwartej kuchni i jadalni roztacza si\u0119 pi\u0119kny widok na taras i ogr\u00f3d.<\/p>\n<p style=\"font-weight: 400;\">Na zewn\u0105trz<\/p>\n<p style=\"font-weight: 400;\">Z salonu i jadalni rozci\u0105ga si\u0119 du\u017cy, cz\u0119\u015bciowo zadaszony i wy\u0142o\u017cony kafelkami taras. Z okien roztacza si\u0119 pi\u0119kny widok na ogr\u00f3d i do pewnego stopnia na pole golfowe. Do wsp\u00f3lnego, pi\u0119knego i podgrzewanego odkrytego basenu mo\u017cna dosta\u0107 si\u0119 z prywatnego ogrodu, kt\u00f3ry jest idealny dla dzieci.<\/p>\n<p style=\"font-weight: 400;\">Udogodnienia<\/p>\n<p style=\"font-weight: 400;\">Mieszkanie znajduje si\u0119 na zamkni\u0119tej urbanizacji Golf Gardens z pi\u0119knie zaprojektowanym podgrzewanym basenem zewn\u0119trznym, tarasami i pi\u0119knymi ogrodami na poziomie 5 gwiazdek. W gara\u017cu podziemnym, do kt\u00f3rego mo\u017cna r\u00f3wnie\u017c dosta\u0107 si\u0119 wind\u0105, dost\u0119pne jest miejsce parkingowe dla jednego samochodu osobowego oraz prywatna kom\u00f3rka lokatorska.<\/p>\n<p style=\"font-weight: 400;\"><u>Region i unikalne aspekty<\/u><\/p>\n<ul>\n<li>Mieszkanie znajduje si\u0119 na wzg\u00f3rzach Marbelli w o\u015brodku golfowym &#8222;Golf Rio Real&#8221;<\/li>\n<li>Obszar ten wyr\u00f3\u017cnia si\u0119 pi\u0119knym wybrze\u017cem Morza \u015ar\u00f3dziemnego i pi\u0119knymi piaszczystymi pla\u017cami<\/li>\n<li>Wa\u017cne drogi \u0142\u0105cz\u0105ce znajduj\u0105 si\u0119 zaledwie kilka minut jazdy samochodem od hotelu<\/li>\n<li>\u0141agodne temperatury zar\u00f3wno latem, jak i zim\u0105<\/li>\n<li>Unikalny ekosystem, kt\u00f3ry od dziesi\u0119cioleci przyci\u0105ga ludzi z ca\u0142ego \u015bwiata<\/li>\n<li>Miasto t\u0119tni \u017cyciem nawet od pa\u017adziernika do lutego<br \/>\n.<\/li>\n<\/ul>\n","protected":false},"excerpt":{"rendered":"<p>Cena sprzeda\u017cy \u20ac 795.000,00 (Wy\u0142\u0105czne koszty zakupu jak podatki i notariusz), powierzchnia mieszkalna 182 m2 Przestronny salon, otwarta kuchnia z wysp\u0105 kuchenn\u0105 i jadalni\u0105 4 Przestronne sypialnie z garderob\u0105 3 \u0141azienki z prysznicem, z kt\u00f3rych jedna jest &#8222;en-suite&#8221; dla g\u0142\u00f3wnej sypialni Kuchnia wyposa\u017cona jest w piekarnik, p\u0142yt\u0119 indukcyjn\u0105 z systemem wyci\u0105gowym Bora, zmywark\u0119 i lod\u00f3wk\u0119 [&hellip;]<\/p>\n","protected":false},"featured_media":25674,"comment_status":"open","ping_status":"closed","template":"","meta":{"_acf_changed":false},"product_brand":[],"product_cat":[202,196,211,197],"product_tag":[],"class_list":{"0":"post-27194","1":"product","2":"type-product","3":"status-publish","4":"has-post-thumbnail","6":"province-malaga","7":"places-marbella","8":"country-spanje","9":"region-costa-del-sol","10":"product_cat-basen","11":"product_cat-brak-kategorii","12":"product_cat-istniejaca-konstrukcja","13":"product_cat-plaski","15":"first","16":"instock","17":"shipping-taxable","18":"purchasable","19":"product-type-simple"},"acf":[],"yoast_head":"<!-- This site is optimized with the Yoast SEO plugin v27.5 - https:\/\/yoast.com\/product\/yoast-seo-wordpress\/ -->\n<title>Ca\u0142kowicie przebudowane mieszkanie na parterze Villa Royal - Sun Sure Estates<\/title>\n<meta name=\"robots\" content=\"index, follow, max-snippet:-1, max-image-preview:large, max-video-preview:-1\" \/>\n<link rel=\"canonical\" href=\"https:\/\/www.sun-sure-estates.com\/pl\/produkt\/calkowicie-przebudowane-mieszkanie-na-parterze-villa-royal\/\" \/>\n<meta property=\"og:locale\" content=\"pl_PL\" \/>\n<meta property=\"og:type\" content=\"article\" \/>\n<meta property=\"og:title\" content=\"Ca\u0142kowicie przebudowane mieszkanie na parterze Villa Royal - Sun Sure Estates\" \/>\n<meta property=\"og:description\" content=\"Cena sprzeda\u017cy \u20ac 795.000,00 (Wy\u0142\u0105czne koszty zakupu jak podatki i notariusz), powierzchnia mieszkalna 182 m2 Przestronny salon, otwarta kuchnia z wysp\u0105 kuchenn\u0105 i jadalni\u0105 4 Przestronne sypialnie z garderob\u0105 3 \u0141azienki z prysznicem, z kt\u00f3rych jedna jest &#8222;en-suite&#8221; dla g\u0142\u00f3wnej sypialni Kuchnia wyposa\u017cona jest w piekarnik, p\u0142yt\u0119 indukcyjn\u0105 z systemem wyci\u0105gowym Bora, zmywark\u0119 i lod\u00f3wk\u0119 [&hellip;]\" \/>\n<meta property=\"og:url\" content=\"https:\/\/www.sun-sure-estates.com\/pl\/produkt\/calkowicie-przebudowane-mieszkanie-na-parterze-villa-royal\/\" \/>\n<meta property=\"og:site_name\" content=\"Sun Sure Estates\" \/>\n<meta property=\"article:modified_time\" content=\"2023-06-05T16:06:45+00:00\" \/>\n<meta property=\"og:image\" content=\"https:\/\/www.sun-sure-estates.com\/wp-content\/uploads\/2023\/03\/46-0edebaf512af70cdbc38d73d8131be5b.jpg\" \/>\n\t<meta property=\"og:image:width\" content=\"1200\" \/>\n\t<meta property=\"og:image:height\" content=\"900\" \/>\n\t<meta property=\"og:image:type\" content=\"image\/jpeg\" \/>\n<meta name=\"twitter:card\" content=\"summary_large_image\" \/>\n<meta name=\"twitter:label1\" content=\"Szacowany czas czytania\" \/>\n\t<meta name=\"twitter:data1\" content=\"2 minuty\" \/>\n<script type=\"application\/ld+json\" class=\"yoast-schema-graph\">{\"@context\":\"https:\\\/\\\/schema.org\",\"@graph\":[{\"@type\":\"WebPage\",\"@id\":\"https:\\\/\\\/www.sun-sure-estates.com\\\/pl\\\/produkt\\\/calkowicie-przebudowane-mieszkanie-na-parterze-villa-royal\\\/\",\"url\":\"https:\\\/\\\/www.sun-sure-estates.com\\\/pl\\\/produkt\\\/calkowicie-przebudowane-mieszkanie-na-parterze-villa-royal\\\/\",\"name\":\"Ca\u0142kowicie przebudowane mieszkanie na parterze Villa Royal - Sun Sure Estates\",\"isPartOf\":{\"@id\":\"https:\\\/\\\/www.sun-sure-estates.com\\\/pl\\\/#website\"},\"primaryImageOfPage\":{\"@id\":\"https:\\\/\\\/www.sun-sure-estates.com\\\/pl\\\/produkt\\\/calkowicie-przebudowane-mieszkanie-na-parterze-villa-royal\\\/#primaryimage\"},\"image\":{\"@id\":\"https:\\\/\\\/www.sun-sure-estates.com\\\/pl\\\/produkt\\\/calkowicie-przebudowane-mieszkanie-na-parterze-villa-royal\\\/#primaryimage\"},\"thumbnailUrl\":\"https:\\\/\\\/www.sun-sure-estates.com\\\/wp-content\\\/uploads\\\/2023\\\/03\\\/46-0edebaf512af70cdbc38d73d8131be5b.jpg\",\"datePublished\":\"2023-06-05T16:06:44+00:00\",\"dateModified\":\"2023-06-05T16:06:45+00:00\",\"breadcrumb\":{\"@id\":\"https:\\\/\\\/www.sun-sure-estates.com\\\/pl\\\/produkt\\\/calkowicie-przebudowane-mieszkanie-na-parterze-villa-royal\\\/#breadcrumb\"},\"inLanguage\":\"pl-PL\",\"potentialAction\":[{\"@type\":\"ReadAction\",\"target\":[\"https:\\\/\\\/www.sun-sure-estates.com\\\/pl\\\/produkt\\\/calkowicie-przebudowane-mieszkanie-na-parterze-villa-royal\\\/\"]}]},{\"@type\":\"ImageObject\",\"inLanguage\":\"pl-PL\",\"@id\":\"https:\\\/\\\/www.sun-sure-estates.com\\\/pl\\\/produkt\\\/calkowicie-przebudowane-mieszkanie-na-parterze-villa-royal\\\/#primaryimage\",\"url\":\"https:\\\/\\\/www.sun-sure-estates.com\\\/wp-content\\\/uploads\\\/2023\\\/03\\\/46-0edebaf512af70cdbc38d73d8131be5b.jpg\",\"contentUrl\":\"https:\\\/\\\/www.sun-sure-estates.com\\\/wp-content\\\/uploads\\\/2023\\\/03\\\/46-0edebaf512af70cdbc38d73d8131be5b.jpg\",\"width\":1200,\"height\":900},{\"@type\":\"BreadcrumbList\",\"@id\":\"https:\\\/\\\/www.sun-sure-estates.com\\\/pl\\\/produkt\\\/calkowicie-przebudowane-mieszkanie-na-parterze-villa-royal\\\/#breadcrumb\",\"itemListElement\":[{\"@type\":\"ListItem\",\"position\":1,\"name\":\"Home\",\"item\":\"https:\\\/\\\/www.sun-sure-estates.com\\\/pl\\\/strona-glowna\\\/\"},{\"@type\":\"ListItem\",\"position\":2,\"name\":\"Winkel\",\"item\":\"https:\\\/\\\/www.sun-sure-estates.com\\\/winkel\\\/\"},{\"@type\":\"ListItem\",\"position\":3,\"name\":\"Ca\u0142kowicie przebudowane mieszkanie na parterze Villa Royal\"}]},{\"@type\":\"WebSite\",\"@id\":\"https:\\\/\\\/www.sun-sure-estates.com\\\/pl\\\/#website\",\"url\":\"https:\\\/\\\/www.sun-sure-estates.com\\\/pl\\\/\",\"name\":\"Sun Sure Estates\",\"description\":\"Beleggen of wonen in je eigen huis onder de zon\",\"potentialAction\":[{\"@type\":\"SearchAction\",\"target\":{\"@type\":\"EntryPoint\",\"urlTemplate\":\"https:\\\/\\\/www.sun-sure-estates.com\\\/pl\\\/?s={search_term_string}\"},\"query-input\":{\"@type\":\"PropertyValueSpecification\",\"valueRequired\":true,\"valueName\":\"search_term_string\"}}],\"inLanguage\":\"pl-PL\"}]}<\/script>\n<!-- \/ Yoast SEO plugin. -->","yoast_head_json":{"title":"Ca\u0142kowicie przebudowane mieszkanie na parterze Villa Royal - Sun Sure Estates","robots":{"index":"index","follow":"follow","max-snippet":"max-snippet:-1","max-image-preview":"max-image-preview:large","max-video-preview":"max-video-preview:-1"},"canonical":"https:\/\/www.sun-sure-estates.com\/pl\/produkt\/calkowicie-przebudowane-mieszkanie-na-parterze-villa-royal\/","og_locale":"pl_PL","og_type":"article","og_title":"Ca\u0142kowicie przebudowane mieszkanie na parterze Villa Royal - Sun Sure Estates","og_description":"Cena sprzeda\u017cy \u20ac 795.000,00 (Wy\u0142\u0105czne koszty zakupu jak podatki i notariusz), powierzchnia mieszkalna 182 m2 Przestronny salon, otwarta kuchnia z wysp\u0105 kuchenn\u0105 i jadalni\u0105 4 Przestronne sypialnie z garderob\u0105 3 \u0141azienki z prysznicem, z kt\u00f3rych jedna jest &#8222;en-suite&#8221; dla g\u0142\u00f3wnej sypialni Kuchnia wyposa\u017cona jest w piekarnik, p\u0142yt\u0119 indukcyjn\u0105 z systemem wyci\u0105gowym Bora, zmywark\u0119 i lod\u00f3wk\u0119 [&hellip;]","og_url":"https:\/\/www.sun-sure-estates.com\/pl\/produkt\/calkowicie-przebudowane-mieszkanie-na-parterze-villa-royal\/","og_site_name":"Sun Sure Estates","article_modified_time":"2023-06-05T16:06:45+00:00","og_image":[{"width":1200,"height":900,"url":"https:\/\/www.sun-sure-estates.com\/wp-content\/uploads\/2023\/03\/46-0edebaf512af70cdbc38d73d8131be5b.jpg","type":"image\/jpeg"}],"twitter_card":"summary_large_image","twitter_misc":{"Szacowany czas czytania":"2 minuty"},"schema":{"@context":"https:\/\/schema.org","@graph":[{"@type":"WebPage","@id":"https:\/\/www.sun-sure-estates.com\/pl\/produkt\/calkowicie-przebudowane-mieszkanie-na-parterze-villa-royal\/","url":"https:\/\/www.sun-sure-estates.com\/pl\/produkt\/calkowicie-przebudowane-mieszkanie-na-parterze-villa-royal\/","name":"Ca\u0142kowicie przebudowane mieszkanie na parterze Villa Royal - Sun Sure Estates","isPartOf":{"@id":"https:\/\/www.sun-sure-estates.com\/pl\/#website"},"primaryImageOfPage":{"@id":"https:\/\/www.sun-sure-estates.com\/pl\/produkt\/calkowicie-przebudowane-mieszkanie-na-parterze-villa-royal\/#primaryimage"},"image":{"@id":"https:\/\/www.sun-sure-estates.com\/pl\/produkt\/calkowicie-przebudowane-mieszkanie-na-parterze-villa-royal\/#primaryimage"},"thumbnailUrl":"https:\/\/www.sun-sure-estates.com\/wp-content\/uploads\/2023\/03\/46-0edebaf512af70cdbc38d73d8131be5b.jpg","datePublished":"2023-06-05T16:06:44+00:00","dateModified":"2023-06-05T16:06:45+00:00","breadcrumb":{"@id":"https:\/\/www.sun-sure-estates.com\/pl\/produkt\/calkowicie-przebudowane-mieszkanie-na-parterze-villa-royal\/#breadcrumb"},"inLanguage":"pl-PL","potentialAction":[{"@type":"ReadAction","target":["https:\/\/www.sun-sure-estates.com\/pl\/produkt\/calkowicie-przebudowane-mieszkanie-na-parterze-villa-royal\/"]}]},{"@type":"ImageObject","inLanguage":"pl-PL","@id":"https:\/\/www.sun-sure-estates.com\/pl\/produkt\/calkowicie-przebudowane-mieszkanie-na-parterze-villa-royal\/#primaryimage","url":"https:\/\/www.sun-sure-estates.com\/wp-content\/uploads\/2023\/03\/46-0edebaf512af70cdbc38d73d8131be5b.jpg","contentUrl":"https:\/\/www.sun-sure-estates.com\/wp-content\/uploads\/2023\/03\/46-0edebaf512af70cdbc38d73d8131be5b.jpg","width":1200,"height":900},{"@type":"BreadcrumbList","@id":"https:\/\/www.sun-sure-estates.com\/pl\/produkt\/calkowicie-przebudowane-mieszkanie-na-parterze-villa-royal\/#breadcrumb","itemListElement":[{"@type":"ListItem","position":1,"name":"Home","item":"https:\/\/www.sun-sure-estates.com\/pl\/strona-glowna\/"},{"@type":"ListItem","position":2,"name":"Winkel","item":"https:\/\/www.sun-sure-estates.com\/winkel\/"},{"@type":"ListItem","position":3,"name":"Ca\u0142kowicie przebudowane mieszkanie na parterze Villa Royal"}]},{"@type":"WebSite","@id":"https:\/\/www.sun-sure-estates.com\/pl\/#website","url":"https:\/\/www.sun-sure-estates.com\/pl\/","name":"Sun Sure Estates","description":"Beleggen of wonen in je eigen huis onder de zon","potentialAction":[{"@type":"SearchAction","target":{"@type":"EntryPoint","urlTemplate":"https:\/\/www.sun-sure-estates.com\/pl\/?s={search_term_string}"},"query-input":{"@type":"PropertyValueSpecification","valueRequired":true,"valueName":"search_term_string"}}],"inLanguage":"pl-PL"}]}},"_links":{"self":[{"href":"https:\/\/www.sun-sure-estates.com\/pl\/wp-json\/wp\/v2\/product\/27194","targetHints":{"allow":["GET"]}}],"collection":[{"href":"https:\/\/www.sun-sure-estates.com\/pl\/wp-json\/wp\/v2\/product"}],"about":[{"href":"https:\/\/www.sun-sure-estates.com\/pl\/wp-json\/wp\/v2\/types\/product"}],"replies":[{"embeddable":true,"href":"https:\/\/www.sun-sure-estates.com\/pl\/wp-json\/wp\/v2\/comments?post=27194"}],"wp:featuredmedia":[{"embeddable":true,"href":"https:\/\/www.sun-sure-estates.com\/pl\/wp-json\/wp\/v2\/media\/25674"}],"wp:attachment":[{"href":"https:\/\/www.sun-sure-estates.com\/pl\/wp-json\/wp\/v2\/media?parent=27194"}],"wp:term":[{"taxonomy":"product_brand","embeddable":true,"href":"https:\/\/www.sun-sure-estates.com\/pl\/wp-json\/wp\/v2\/product_brand?post=27194"},{"taxonomy":"product_cat","embeddable":true,"href":"https:\/\/www.sun-sure-estates.com\/pl\/wp-json\/wp\/v2\/product_cat?post=27194"},{"taxonomy":"product_tag","embeddable":true,"href":"https:\/\/www.sun-sure-estates.com\/pl\/wp-json\/wp\/v2\/product_tag?post=27194"}],"curies":[{"name":"wp","href":"https:\/\/api.w.org\/{rel}","templated":true}]}}