{"id":27431,"date":"2022-12-06T14:19:09","date_gmt":"2022-12-06T13:19:09","guid":{"rendered":"https:\/\/www.sun-sure-estates.com\/?post_type=product&#038;p=27431"},"modified":"2023-06-23T10:18:54","modified_gmt":"2023-06-23T08:18:54","slug":"penthousey-polozone-bezposrednio-nad-morzem-srodziemnym","status":"publish","type":"product","link":"https:\/\/www.sun-sure-estates.com\/pl\/produkt\/penthousey-polozone-bezposrednio-nad-morzem-srodziemnym\/","title":{"rendered":"Penthouse&#8217;y po\u0142o\u017cone bezpo\u015brednio nad Morzem \u015ar\u00f3dziemnym"},"content":{"rendered":"<p style=\"font-weight: 400;\">Witamy w Punto Prima w sk\u0105panym w s\u0142o\u0144cu regionie, gdzie zbudowano te pi\u0119kne penthousy, mieszkania na parterze oraz mieszkania na pi\u0119trze po\u0142o\u017cone bezpo\u015brednio nad Morzem \u015ar\u00f3dziemnym. Penthousy z dost\u0119pem do windy<\/p>\n<p style=\"font-weight: 400;\">i fenomenalnym widokiem na morze znajduj\u0105 si\u0119 na strze\u017conym 24\/7 terenie z pi\u0119knie zaprojektowanym ogrodem<\/p>\n<p style=\"font-weight: 400;\">z du\u017c\u0105 ilo\u015bci\u0105 zieleni, palmami, dwoma cz\u0119\u015bciowo podgrzewanymi wsp\u00f3lnymi basenami zewn\u0119trznymi i basen typu infinity z widokiem na morze. \u017bycie tutaj nad morzem, na pla\u017cy i promenadzie z wysokiej jako\u015bci restauracjami sprawia, \u017ce ka\u017cdy dzie\u0144 jest przyjemny, a s\u0142o\u0144ce \u015bwieci tu przez \u00a0320 dni w roku!<\/p>\n<p style=\"font-weight: 400;\">Te penthousy obejmuj\u0105 salon, jadalni\u0119, otwart\u0105 kuchni\u0119 z urz\u0105dzeniami i barem, 2 lub 3 sypialnie i 2 \u0142azienki, z kt\u00f3rych jedna 'en-suite&#8217; do g\u0142\u00f3wnej sypialni. Od strony morza znajduje si\u0119 du\u017cy i zadaszony balkon z pi\u0119knym widokiem na morze.<\/p>\n<p style=\"font-weight: 400;\">Miejsce parkingowe i kom\u00f3rka lokatorska znajduj\u0105 si\u0119 w gara\u017cu podziemnym. Do mieszka\u0144 na pi\u0119trze mo\u017cna dosta\u0107 si\u0119 wind\u0105, od strony wsp\u00f3lnego wej\u015bcia i gara\u017cu podziemnego.<\/p>\n<p style=\"font-weight: 400;\">W pobli\u017cu znajduj\u0105 si\u0119 wszelkiego rodzaju udogodnienia, takie jak supermarket w odleg\u0142o\u015bci spaceru, 4 r\u00f3\u017cne o\u015brodki golfowe po\u0142o\u017cone w odleg\u0142o\u015bci 20 minut jazdy samochodem, a du\u017cy nadmorski kurort Torrevieja znajduje si\u0119 zaledwie 10 minut jazdy samochodem, w tym jedna z najwi\u0119kszych przystani w Hiszpanii z 2800 miejsc do cumowania.<\/p>\n","protected":false},"excerpt":{"rendered":"<p>Witamy w Punto Prima w sk\u0105panym w s\u0142o\u0144cu regionie, gdzie zbudowano te pi\u0119kne penthousy, mieszkania na parterze oraz mieszkania na pi\u0119trze po\u0142o\u017cone bezpo\u015brednio nad Morzem \u015ar\u00f3dziemnym. Penthousy z dost\u0119pem do windy i fenomenalnym widokiem na morze znajduj\u0105 si\u0119 na strze\u017conym 24\/7 terenie z pi\u0119knie zaprojektowanym ogrodem z du\u017c\u0105 ilo\u015bci\u0105 zieleni, palmami, dwoma cz\u0119\u015bciowo podgrzewanymi wsp\u00f3lnymi [&hellip;]<\/p>\n","protected":false},"featured_media":27173,"comment_status":"open","ping_status":"closed","template":"","meta":{"_acf_changed":false},"product_brand":[],"product_cat":[193,196,198,217,194],"product_tag":[],"class_list":{"0":"post-27431","1":"product","2":"type-product","3":"status-publish","4":"has-post-thumbnail","6":"province-alicante","7":"places-punta-prima","8":"country-spanje","9":"region-costa-blanca","10":"product_cat-basen-komunalny","11":"product_cat-brak-kategorii","12":"product_cat-nad-morzem","13":"product_cat-penthouse-pl","14":"product_cat-winda-komunalna","16":"first","17":"instock","18":"shipping-taxable","19":"purchasable","20":"product-type-simple"},"acf":[],"yoast_head":"<!-- This site is optimized with the Yoast SEO plugin v27.4 - https:\/\/yoast.com\/product\/yoast-seo-wordpress\/ -->\n<title>Penthouse&#039;y po\u0142o\u017cone bezpo\u015brednio nad Morzem \u015ar\u00f3dziemnym - Sun Sure Estates<\/title>\n<meta name=\"robots\" content=\"index, follow, max-snippet:-1, max-image-preview:large, max-video-preview:-1\" \/>\n<link rel=\"canonical\" href=\"https:\/\/www.sun-sure-estates.com\/pl\/produkt\/penthousey-polozone-bezposrednio-nad-morzem-srodziemnym\/\" \/>\n<meta property=\"og:locale\" content=\"pl_PL\" \/>\n<meta property=\"og:type\" content=\"article\" \/>\n<meta property=\"og:title\" content=\"Penthouse&#039;y po\u0142o\u017cone bezpo\u015brednio nad Morzem \u015ar\u00f3dziemnym - Sun Sure Estates\" \/>\n<meta property=\"og:description\" content=\"Witamy w Punto Prima w sk\u0105panym w s\u0142o\u0144cu regionie, gdzie zbudowano te pi\u0119kne penthousy, mieszkania na parterze oraz mieszkania na pi\u0119trze po\u0142o\u017cone bezpo\u015brednio nad Morzem \u015ar\u00f3dziemnym. Penthousy z dost\u0119pem do windy i fenomenalnym widokiem na morze znajduj\u0105 si\u0119 na strze\u017conym 24\/7 terenie z pi\u0119knie zaprojektowanym ogrodem z du\u017c\u0105 ilo\u015bci\u0105 zieleni, palmami, dwoma cz\u0119\u015bciowo podgrzewanymi wsp\u00f3lnymi [&hellip;]\" \/>\n<meta property=\"og:url\" content=\"https:\/\/www.sun-sure-estates.com\/pl\/produkt\/penthousey-polozone-bezposrednio-nad-morzem-srodziemnym\/\" \/>\n<meta property=\"og:site_name\" content=\"Sun Sure Estates\" \/>\n<meta property=\"article:modified_time\" content=\"2023-06-23T08:18:54+00:00\" \/>\n<meta property=\"og:image\" content=\"https:\/\/www.sun-sure-estates.com\/wp-content\/uploads\/2022\/12\/21.jpg\" \/>\n\t<meta property=\"og:image:width\" content=\"1920\" \/>\n\t<meta property=\"og:image:height\" content=\"1280\" \/>\n\t<meta property=\"og:image:type\" content=\"image\/jpeg\" \/>\n<meta name=\"twitter:card\" content=\"summary_large_image\" \/>\n<meta name=\"twitter:label1\" content=\"Szacowany czas czytania\" \/>\n\t<meta name=\"twitter:data1\" content=\"2 minuty\" \/>\n<script type=\"application\/ld+json\" class=\"yoast-schema-graph\">{\"@context\":\"https:\\\/\\\/schema.org\",\"@graph\":[{\"@type\":\"WebPage\",\"@id\":\"https:\\\/\\\/www.sun-sure-estates.com\\\/pl\\\/produkt\\\/penthousey-polozone-bezposrednio-nad-morzem-srodziemnym\\\/\",\"url\":\"https:\\\/\\\/www.sun-sure-estates.com\\\/pl\\\/produkt\\\/penthousey-polozone-bezposrednio-nad-morzem-srodziemnym\\\/\",\"name\":\"Penthouse'y po\u0142o\u017cone bezpo\u015brednio nad Morzem \u015ar\u00f3dziemnym - Sun Sure Estates\",\"isPartOf\":{\"@id\":\"https:\\\/\\\/www.sun-sure-estates.com\\\/pl\\\/#website\"},\"primaryImageOfPage\":{\"@id\":\"https:\\\/\\\/www.sun-sure-estates.com\\\/pl\\\/produkt\\\/penthousey-polozone-bezposrednio-nad-morzem-srodziemnym\\\/#primaryimage\"},\"image\":{\"@id\":\"https:\\\/\\\/www.sun-sure-estates.com\\\/pl\\\/produkt\\\/penthousey-polozone-bezposrednio-nad-morzem-srodziemnym\\\/#primaryimage\"},\"thumbnailUrl\":\"https:\\\/\\\/www.sun-sure-estates.com\\\/wp-content\\\/uploads\\\/2022\\\/12\\\/21.jpg\",\"datePublished\":\"2022-12-06T13:19:09+00:00\",\"dateModified\":\"2023-06-23T08:18:54+00:00\",\"breadcrumb\":{\"@id\":\"https:\\\/\\\/www.sun-sure-estates.com\\\/pl\\\/produkt\\\/penthousey-polozone-bezposrednio-nad-morzem-srodziemnym\\\/#breadcrumb\"},\"inLanguage\":\"pl-PL\",\"potentialAction\":[{\"@type\":\"ReadAction\",\"target\":[\"https:\\\/\\\/www.sun-sure-estates.com\\\/pl\\\/produkt\\\/penthousey-polozone-bezposrednio-nad-morzem-srodziemnym\\\/\"]}]},{\"@type\":\"ImageObject\",\"inLanguage\":\"pl-PL\",\"@id\":\"https:\\\/\\\/www.sun-sure-estates.com\\\/pl\\\/produkt\\\/penthousey-polozone-bezposrednio-nad-morzem-srodziemnym\\\/#primaryimage\",\"url\":\"https:\\\/\\\/www.sun-sure-estates.com\\\/wp-content\\\/uploads\\\/2022\\\/12\\\/21.jpg\",\"contentUrl\":\"https:\\\/\\\/www.sun-sure-estates.com\\\/wp-content\\\/uploads\\\/2022\\\/12\\\/21.jpg\",\"width\":1920,\"height\":1280},{\"@type\":\"BreadcrumbList\",\"@id\":\"https:\\\/\\\/www.sun-sure-estates.com\\\/pl\\\/produkt\\\/penthousey-polozone-bezposrednio-nad-morzem-srodziemnym\\\/#breadcrumb\",\"itemListElement\":[{\"@type\":\"ListItem\",\"position\":1,\"name\":\"Home\",\"item\":\"https:\\\/\\\/www.sun-sure-estates.com\\\/pl\\\/strona-glowna\\\/\"},{\"@type\":\"ListItem\",\"position\":2,\"name\":\"Winkel\",\"item\":\"https:\\\/\\\/www.sun-sure-estates.com\\\/winkel\\\/\"},{\"@type\":\"ListItem\",\"position\":3,\"name\":\"Penthouse&#8217;y po\u0142o\u017cone bezpo\u015brednio nad Morzem \u015ar\u00f3dziemnym\"}]},{\"@type\":\"WebSite\",\"@id\":\"https:\\\/\\\/www.sun-sure-estates.com\\\/pl\\\/#website\",\"url\":\"https:\\\/\\\/www.sun-sure-estates.com\\\/pl\\\/\",\"name\":\"Sun Sure Estates\",\"description\":\"Beleggen of wonen in je eigen huis onder de zon\",\"potentialAction\":[{\"@type\":\"SearchAction\",\"target\":{\"@type\":\"EntryPoint\",\"urlTemplate\":\"https:\\\/\\\/www.sun-sure-estates.com\\\/pl\\\/?s={search_term_string}\"},\"query-input\":{\"@type\":\"PropertyValueSpecification\",\"valueRequired\":true,\"valueName\":\"search_term_string\"}}],\"inLanguage\":\"pl-PL\"}]}<\/script>\n<!-- \/ Yoast SEO plugin. -->","yoast_head_json":{"title":"Penthouse'y po\u0142o\u017cone bezpo\u015brednio nad Morzem \u015ar\u00f3dziemnym - Sun Sure Estates","robots":{"index":"index","follow":"follow","max-snippet":"max-snippet:-1","max-image-preview":"max-image-preview:large","max-video-preview":"max-video-preview:-1"},"canonical":"https:\/\/www.sun-sure-estates.com\/pl\/produkt\/penthousey-polozone-bezposrednio-nad-morzem-srodziemnym\/","og_locale":"pl_PL","og_type":"article","og_title":"Penthouse'y po\u0142o\u017cone bezpo\u015brednio nad Morzem \u015ar\u00f3dziemnym - Sun Sure Estates","og_description":"Witamy w Punto Prima w sk\u0105panym w s\u0142o\u0144cu regionie, gdzie zbudowano te pi\u0119kne penthousy, mieszkania na parterze oraz mieszkania na pi\u0119trze po\u0142o\u017cone bezpo\u015brednio nad Morzem \u015ar\u00f3dziemnym. Penthousy z dost\u0119pem do windy i fenomenalnym widokiem na morze znajduj\u0105 si\u0119 na strze\u017conym 24\/7 terenie z pi\u0119knie zaprojektowanym ogrodem z du\u017c\u0105 ilo\u015bci\u0105 zieleni, palmami, dwoma cz\u0119\u015bciowo podgrzewanymi wsp\u00f3lnymi [&hellip;]","og_url":"https:\/\/www.sun-sure-estates.com\/pl\/produkt\/penthousey-polozone-bezposrednio-nad-morzem-srodziemnym\/","og_site_name":"Sun Sure Estates","article_modified_time":"2023-06-23T08:18:54+00:00","og_image":[{"width":1920,"height":1280,"url":"https:\/\/www.sun-sure-estates.com\/wp-content\/uploads\/2022\/12\/21.jpg","type":"image\/jpeg"}],"twitter_card":"summary_large_image","twitter_misc":{"Szacowany czas czytania":"2 minuty"},"schema":{"@context":"https:\/\/schema.org","@graph":[{"@type":"WebPage","@id":"https:\/\/www.sun-sure-estates.com\/pl\/produkt\/penthousey-polozone-bezposrednio-nad-morzem-srodziemnym\/","url":"https:\/\/www.sun-sure-estates.com\/pl\/produkt\/penthousey-polozone-bezposrednio-nad-morzem-srodziemnym\/","name":"Penthouse'y po\u0142o\u017cone bezpo\u015brednio nad Morzem \u015ar\u00f3dziemnym - Sun Sure Estates","isPartOf":{"@id":"https:\/\/www.sun-sure-estates.com\/pl\/#website"},"primaryImageOfPage":{"@id":"https:\/\/www.sun-sure-estates.com\/pl\/produkt\/penthousey-polozone-bezposrednio-nad-morzem-srodziemnym\/#primaryimage"},"image":{"@id":"https:\/\/www.sun-sure-estates.com\/pl\/produkt\/penthousey-polozone-bezposrednio-nad-morzem-srodziemnym\/#primaryimage"},"thumbnailUrl":"https:\/\/www.sun-sure-estates.com\/wp-content\/uploads\/2022\/12\/21.jpg","datePublished":"2022-12-06T13:19:09+00:00","dateModified":"2023-06-23T08:18:54+00:00","breadcrumb":{"@id":"https:\/\/www.sun-sure-estates.com\/pl\/produkt\/penthousey-polozone-bezposrednio-nad-morzem-srodziemnym\/#breadcrumb"},"inLanguage":"pl-PL","potentialAction":[{"@type":"ReadAction","target":["https:\/\/www.sun-sure-estates.com\/pl\/produkt\/penthousey-polozone-bezposrednio-nad-morzem-srodziemnym\/"]}]},{"@type":"ImageObject","inLanguage":"pl-PL","@id":"https:\/\/www.sun-sure-estates.com\/pl\/produkt\/penthousey-polozone-bezposrednio-nad-morzem-srodziemnym\/#primaryimage","url":"https:\/\/www.sun-sure-estates.com\/wp-content\/uploads\/2022\/12\/21.jpg","contentUrl":"https:\/\/www.sun-sure-estates.com\/wp-content\/uploads\/2022\/12\/21.jpg","width":1920,"height":1280},{"@type":"BreadcrumbList","@id":"https:\/\/www.sun-sure-estates.com\/pl\/produkt\/penthousey-polozone-bezposrednio-nad-morzem-srodziemnym\/#breadcrumb","itemListElement":[{"@type":"ListItem","position":1,"name":"Home","item":"https:\/\/www.sun-sure-estates.com\/pl\/strona-glowna\/"},{"@type":"ListItem","position":2,"name":"Winkel","item":"https:\/\/www.sun-sure-estates.com\/winkel\/"},{"@type":"ListItem","position":3,"name":"Penthouse&#8217;y po\u0142o\u017cone bezpo\u015brednio nad Morzem \u015ar\u00f3dziemnym"}]},{"@type":"WebSite","@id":"https:\/\/www.sun-sure-estates.com\/pl\/#website","url":"https:\/\/www.sun-sure-estates.com\/pl\/","name":"Sun Sure Estates","description":"Beleggen of wonen in je eigen huis onder de zon","potentialAction":[{"@type":"SearchAction","target":{"@type":"EntryPoint","urlTemplate":"https:\/\/www.sun-sure-estates.com\/pl\/?s={search_term_string}"},"query-input":{"@type":"PropertyValueSpecification","valueRequired":true,"valueName":"search_term_string"}}],"inLanguage":"pl-PL"}]}},"_links":{"self":[{"href":"https:\/\/www.sun-sure-estates.com\/pl\/wp-json\/wp\/v2\/product\/27431","targetHints":{"allow":["GET"]}}],"collection":[{"href":"https:\/\/www.sun-sure-estates.com\/pl\/wp-json\/wp\/v2\/product"}],"about":[{"href":"https:\/\/www.sun-sure-estates.com\/pl\/wp-json\/wp\/v2\/types\/product"}],"replies":[{"embeddable":true,"href":"https:\/\/www.sun-sure-estates.com\/pl\/wp-json\/wp\/v2\/comments?post=27431"}],"wp:featuredmedia":[{"embeddable":true,"href":"https:\/\/www.sun-sure-estates.com\/pl\/wp-json\/wp\/v2\/media\/27173"}],"wp:attachment":[{"href":"https:\/\/www.sun-sure-estates.com\/pl\/wp-json\/wp\/v2\/media?parent=27431"}],"wp:term":[{"taxonomy":"product_brand","embeddable":true,"href":"https:\/\/www.sun-sure-estates.com\/pl\/wp-json\/wp\/v2\/product_brand?post=27431"},{"taxonomy":"product_cat","embeddable":true,"href":"https:\/\/www.sun-sure-estates.com\/pl\/wp-json\/wp\/v2\/product_cat?post=27431"},{"taxonomy":"product_tag","embeddable":true,"href":"https:\/\/www.sun-sure-estates.com\/pl\/wp-json\/wp\/v2\/product_tag?post=27431"}],"curies":[{"name":"wp","href":"https:\/\/api.w.org\/{rel}","templated":true}]}}