{"id":27444,"date":"2022-12-31T13:04:30","date_gmt":"2023-06-27T12:21:25","guid":{"rendered":"https:\/\/www.sun-sure-estates.com\/?post_type=product&#038;p=27444"},"modified":"2023-06-27T14:21:26","modified_gmt":"2023-06-27T12:21:26","slug":"duza-willa-z-wieloma-opcjami-na-dzialce-o-powierzchni-10-000-m2","status":"publish","type":"product","link":"https:\/\/www.sun-sure-estates.com\/pl\/produkt\/duza-willa-z-wieloma-opcjami-na-dzialce-o-powierzchni-10-000-m2\/","title":{"rendered":"Du\u017ca willa z wieloma opcjami na dzia\u0142ce o powierzchni 10 000 m2"},"content":{"rendered":"<p style=\"font-weight: 400;\">Ekskluzywna hiszpa\u0144ska nieruchomo\u015b\u0107 w sk\u0105panej w s\u0142o\u0144cu okolicy<\/p>\n<p style=\"font-weight: 400;\">Witamy w okolicach Parku Narodowego Cabe\u00e7\u00f2 de la Sal-B na wybrze\u017cu Costa Blanca w prowincji Alicante w Hiszpanii! W\u015br\u00f3d przyrody na dzia\u0142ce o powierzchni nie mniejszej ni\u017c 10 000 m2, ta pi\u0119kna nowoczesna willa jest w trakcie budowy. Z salonu, jadalni i kuchni roztacza si\u0119 pi\u0119kny widok na patio i na w\u0142asn\u0105 dzia\u0142k\u0119, na przyrod\u0119 i g\u00f3ry w dalszej odleg\u0142o\u015bci.<\/p>\n<p style=\"font-weight: 400;\">Zasadniczo parterowa willa, wraz z dzia\u0142k\u0105, jest rozplanowana z przestronnym salonem, jadalni\u0105, du\u017c\u0105 oddzieln\u0105 kuchni\u0105, z pralni\u0105 w pomieszczeniu gospodarczym, 3 sypialniami z wbudowan\u0105 szaf\u0105, 2 \u0142azienkami, z kt\u00f3rych 1 \u0142azienka jest &#8222;en-suite&#8221; do g\u0142\u00f3wnej sypialni. Z salonu mo\u017cna wej\u015b\u0107 na taras o powierzchni 20 m2 od strony po\u0142udniowo-zachodniej. R\u00f3\u017cne fasady s\u0105 cz\u0119\u015bciowo wyko\u0144czone be\u017cowym kamieniem naturalnym, tworz\u0105c pi\u0119kny wygl\u0105d.<\/p>\n<p style=\"font-weight: 400;\">Ca\u0142y ten luksus i pi\u0119kno nie ko\u0144cz\u0105 si\u0119 na tym. Mo\u017cesz kupi\u0107 jedn\u0105 z sze\u015bciu dzia\u0142ek, o powierzchni od.\u00a010.000 m2 do 20.000 m2, a tak\u017ce dok\u0142adnie okre\u015bli\u0107, gdzie chcesz, aby willa zosta\u0142a zbudowana na dzia\u0142ce. Istnieje r\u00f3wnie\u017c wiele innych opcji z t\u0105 will\u0105. Za dodatkow\u0105 op\u0142at\u0105 mo\u017cesz dostosowa\u0107 uk\u0142ad i wielko\u015b\u0107 willi. Czy chcia\u0142by\u015b doda\u0107 domek dla go\u015bci, dodatkow\u0105 sypialni\u0119, \u0142azienk\u0119, piwnic\u0119 (na wino) lub gara\u017c? Chcesz wybra\u0107 z szerokiego wyboru p\u0142ytek? Nie ma problemu. To wszystko jest mo\u017cliwe.<br \/>\nKr\u00f3tko m\u00f3wi\u0105c, mo\u017cesz zbudowa\u0107 will\u0119 tutaj w tym zalanym s\u0142o\u0144cem regionie ca\u0142kowicie tak, jak chcesz.<\/p>\n<p style=\"font-weight: 400;\">Taras wykonany jest z trwa\u0142ego i praktycznie bezobs\u0142ugowego betonu stemplowanego, podobnie jak 1 metr stemplowanego betonu wok\u00f3\u0142 willi i 2 metry wok\u00f3\u0142 odkrytego basenu o wymiarach 12 x 4 metry i prysznica na \u015bwie\u017cym powietrzu. Wi\u0119kszy basen mo\u017ce by\u0107 zbudowany za dodatkow\u0105 op\u0142at\u0105.<\/p>\n<p style=\"font-weight: 400;\">Ponadto na oferowanych dzia\u0142kach do budowy willi dost\u0119pnych jest wiele r\u00f3\u017cnych wzor\u00f3w we wszystkich rozmiarach, w kt\u00f3rych plan pi\u0119tra mo\u017cna r\u00f3wnie\u017c uk\u0142ada\u0107 wed\u0142ug w\u0142asnego uznania. Co wi\u0119cej, mo\u017cesz wybiera\u0107 spo\u015br\u00f3d nowoczesnego designu, klasycznego lub \u015br\u00f3dziemnomorskiego, je\u015bli chcesz.<\/p>\n<p style=\"font-weight: 400;\">Region posiada plantacje winogron i znany jest z drzew migda\u0142owych i produkcji wina. W pobliskiej wiosce Pinoso znajduj\u0105 si\u0119 wszelkiego rodzaju udogodnienia, takie jak catering, klub tenisowy, apteka, 2 szko\u0142y krajowe i 1 instytut j\u0119zykowy, w kt\u00f3rym lekcje j\u0119zyka angielskiego s\u0105 prowadzone dla dzieci i doros\u0142ych na r\u00f3\u017cnych poziomach a\u017c do poziomu FCE Cambridge B2. Aby wynaj\u0105\u0107 will\u0119, mo\u017cna wyst\u0105pi\u0107 o licencj\u0119 na wynajem w imieniu w\u0142a\u015bciciela i rozpocz\u0105\u0107 dzia\u0142alno\u015b\u0107 B&amp;B.<\/p>\n<p style=\"font-weight: 400;\">Przyjed\u017a na Costa Blca, gdzie przyroda, przestrze\u0144, spok\u00f3j, komfort, s\u0142o\u0144ce, morze i pla\u017ca mog\u0105 cieszy\u0107 si\u0119 najzdrowszym \u015brodowiskiem \u017cycia w Europie.<\/p>\n","protected":false},"excerpt":{"rendered":"<p>Przestronne, pi\u0119kne, parterowe wille na w\u0142asnej dzia\u0142ce o powierzchni nie mniejszej ni\u017c 10 000 m2. Uk\u0142ad willi mo\u017cna dostosowa\u0107 do w\u0142asnych potrzeb i istnieje szeroki wyb\u00f3r materia\u0142\u00f3w. Dost\u0119pnych jest wiele opcji, takich jak pensjonat, gara\u017c, panele s\u0142oneczne itp. Przyjd\u017a i ciesz si\u0119 spokojem, przestrzeni\u0105 i s\u0142o\u0144cem, kt\u00f3re \u015bwieci tutaj \u015brednio 320 dni w roku!<br \/>\nPTE705<\/p>\n","protected":false},"featured_media":29187,"comment_status":"open","ping_status":"closed","template":"","meta":{"_acf_changed":false},"product_brand":[],"product_cat":[202,196,213,216],"product_tag":[],"class_list":{"0":"post-27444","1":"product","2":"type-product","3":"status-publish","4":"has-post-thumbnail","6":"province-alicante","7":"places-pinoso","8":"country-spanje","9":"region-costa-blanca","10":"product_cat-basen","11":"product_cat-brak-kategorii","12":"product_cat-bungalowy","13":"product_cat-wiejska-willa-finca","15":"first","16":"instock","17":"shipping-taxable","18":"purchasable","19":"product-type-simple"},"acf":[],"yoast_head":"<!-- This site is optimized with the Yoast SEO plugin v27.4 - https:\/\/yoast.com\/product\/yoast-seo-wordpress\/ -->\n<title>Du\u017ca willa z wieloma opcjami na dzia\u0142ce o powierzchni 10 000 m2 - Sun Sure Estates<\/title>\n<meta name=\"robots\" content=\"index, follow, max-snippet:-1, max-image-preview:large, max-video-preview:-1\" \/>\n<link rel=\"canonical\" href=\"https:\/\/www.sun-sure-estates.com\/pl\/produkt\/duza-willa-z-wieloma-opcjami-na-dzialce-o-powierzchni-10-000-m2\/\" \/>\n<meta property=\"og:locale\" content=\"pl_PL\" \/>\n<meta property=\"og:type\" content=\"article\" \/>\n<meta property=\"og:title\" content=\"Du\u017ca willa z wieloma opcjami na dzia\u0142ce o powierzchni 10 000 m2 - Sun Sure Estates\" \/>\n<meta property=\"og:description\" content=\"Przestronne, pi\u0119kne, parterowe wille na w\u0142asnej dzia\u0142ce o powierzchni nie mniejszej ni\u017c 10 000 m2. Uk\u0142ad willi mo\u017cna dostosowa\u0107 do w\u0142asnych potrzeb i istnieje szeroki wyb\u00f3r materia\u0142\u00f3w. Dost\u0119pnych jest wiele opcji, takich jak pensjonat, gara\u017c, panele s\u0142oneczne itp. Przyjd\u017a i ciesz si\u0119 spokojem, przestrzeni\u0105 i s\u0142o\u0144cem, kt\u00f3re \u015bwieci tutaj \u015brednio 320 dni w roku! PTE705\" \/>\n<meta property=\"og:url\" content=\"https:\/\/www.sun-sure-estates.com\/pl\/produkt\/duza-willa-z-wieloma-opcjami-na-dzialce-o-powierzchni-10-000-m2\/\" \/>\n<meta property=\"og:site_name\" content=\"Sun Sure Estates\" \/>\n<meta property=\"article:modified_time\" content=\"2023-06-27T12:21:26+00:00\" \/>\n<meta property=\"og:image\" content=\"https:\/\/www.sun-sure-estates.com\/wp-content\/uploads\/2022\/12\/3-NEW.jpg\" \/>\n\t<meta property=\"og:image:width\" content=\"1147\" \/>\n\t<meta property=\"og:image:height\" content=\"768\" \/>\n\t<meta property=\"og:image:type\" content=\"image\/jpeg\" \/>\n<meta name=\"twitter:card\" content=\"summary_large_image\" \/>\n<meta name=\"twitter:label1\" content=\"Szacowany czas czytania\" \/>\n\t<meta name=\"twitter:data1\" content=\"2 minuty\" \/>\n<script type=\"application\/ld+json\" class=\"yoast-schema-graph\">{\"@context\":\"https:\\\/\\\/schema.org\",\"@graph\":[{\"@type\":\"WebPage\",\"@id\":\"https:\\\/\\\/www.sun-sure-estates.com\\\/pl\\\/produkt\\\/duza-willa-z-wieloma-opcjami-na-dzialce-o-powierzchni-10-000-m2\\\/\",\"url\":\"https:\\\/\\\/www.sun-sure-estates.com\\\/pl\\\/produkt\\\/duza-willa-z-wieloma-opcjami-na-dzialce-o-powierzchni-10-000-m2\\\/\",\"name\":\"Du\u017ca willa z wieloma opcjami na dzia\u0142ce o powierzchni 10 000 m2 - Sun Sure Estates\",\"isPartOf\":{\"@id\":\"https:\\\/\\\/www.sun-sure-estates.com\\\/pl\\\/#website\"},\"primaryImageOfPage\":{\"@id\":\"https:\\\/\\\/www.sun-sure-estates.com\\\/pl\\\/produkt\\\/duza-willa-z-wieloma-opcjami-na-dzialce-o-powierzchni-10-000-m2\\\/#primaryimage\"},\"image\":{\"@id\":\"https:\\\/\\\/www.sun-sure-estates.com\\\/pl\\\/produkt\\\/duza-willa-z-wieloma-opcjami-na-dzialce-o-powierzchni-10-000-m2\\\/#primaryimage\"},\"thumbnailUrl\":\"https:\\\/\\\/www.sun-sure-estates.com\\\/wp-content\\\/uploads\\\/2022\\\/12\\\/3.-Small.jpg\",\"datePublished\":\"2023-06-27T12:21:25+00:00\",\"dateModified\":\"2023-06-27T12:21:26+00:00\",\"breadcrumb\":{\"@id\":\"https:\\\/\\\/www.sun-sure-estates.com\\\/pl\\\/produkt\\\/duza-willa-z-wieloma-opcjami-na-dzialce-o-powierzchni-10-000-m2\\\/#breadcrumb\"},\"inLanguage\":\"pl-PL\",\"potentialAction\":[{\"@type\":\"ReadAction\",\"target\":[\"https:\\\/\\\/www.sun-sure-estates.com\\\/pl\\\/produkt\\\/duza-willa-z-wieloma-opcjami-na-dzialce-o-powierzchni-10-000-m2\\\/\"]}]},{\"@type\":\"ImageObject\",\"inLanguage\":\"pl-PL\",\"@id\":\"https:\\\/\\\/www.sun-sure-estates.com\\\/pl\\\/produkt\\\/duza-willa-z-wieloma-opcjami-na-dzialce-o-powierzchni-10-000-m2\\\/#primaryimage\",\"url\":\"https:\\\/\\\/www.sun-sure-estates.com\\\/wp-content\\\/uploads\\\/2022\\\/12\\\/3.-Small.jpg\",\"contentUrl\":\"https:\\\/\\\/www.sun-sure-estates.com\\\/wp-content\\\/uploads\\\/2022\\\/12\\\/3.-Small.jpg\",\"width\":1147,\"height\":768},{\"@type\":\"BreadcrumbList\",\"@id\":\"https:\\\/\\\/www.sun-sure-estates.com\\\/pl\\\/produkt\\\/duza-willa-z-wieloma-opcjami-na-dzialce-o-powierzchni-10-000-m2\\\/#breadcrumb\",\"itemListElement\":[{\"@type\":\"ListItem\",\"position\":1,\"name\":\"Home\",\"item\":\"https:\\\/\\\/www.sun-sure-estates.com\\\/pl\\\/strona-glowna\\\/\"},{\"@type\":\"ListItem\",\"position\":2,\"name\":\"Winkel\",\"item\":\"https:\\\/\\\/www.sun-sure-estates.com\\\/winkel\\\/\"},{\"@type\":\"ListItem\",\"position\":3,\"name\":\"Du\u017ca willa z wieloma opcjami na dzia\u0142ce o powierzchni 10 000 m2\"}]},{\"@type\":\"WebSite\",\"@id\":\"https:\\\/\\\/www.sun-sure-estates.com\\\/pl\\\/#website\",\"url\":\"https:\\\/\\\/www.sun-sure-estates.com\\\/pl\\\/\",\"name\":\"Sun Sure Estates\",\"description\":\"Beleggen of wonen in je eigen huis onder de zon\",\"potentialAction\":[{\"@type\":\"SearchAction\",\"target\":{\"@type\":\"EntryPoint\",\"urlTemplate\":\"https:\\\/\\\/www.sun-sure-estates.com\\\/pl\\\/?s={search_term_string}\"},\"query-input\":{\"@type\":\"PropertyValueSpecification\",\"valueRequired\":true,\"valueName\":\"search_term_string\"}}],\"inLanguage\":\"pl-PL\"}]}<\/script>\n<!-- \/ Yoast SEO plugin. -->","yoast_head_json":{"title":"Du\u017ca willa z wieloma opcjami na dzia\u0142ce o powierzchni 10 000 m2 - Sun Sure Estates","robots":{"index":"index","follow":"follow","max-snippet":"max-snippet:-1","max-image-preview":"max-image-preview:large","max-video-preview":"max-video-preview:-1"},"canonical":"https:\/\/www.sun-sure-estates.com\/pl\/produkt\/duza-willa-z-wieloma-opcjami-na-dzialce-o-powierzchni-10-000-m2\/","og_locale":"pl_PL","og_type":"article","og_title":"Du\u017ca willa z wieloma opcjami na dzia\u0142ce o powierzchni 10 000 m2 - Sun Sure Estates","og_description":"Przestronne, pi\u0119kne, parterowe wille na w\u0142asnej dzia\u0142ce o powierzchni nie mniejszej ni\u017c 10 000 m2. Uk\u0142ad willi mo\u017cna dostosowa\u0107 do w\u0142asnych potrzeb i istnieje szeroki wyb\u00f3r materia\u0142\u00f3w. Dost\u0119pnych jest wiele opcji, takich jak pensjonat, gara\u017c, panele s\u0142oneczne itp. Przyjd\u017a i ciesz si\u0119 spokojem, przestrzeni\u0105 i s\u0142o\u0144cem, kt\u00f3re \u015bwieci tutaj \u015brednio 320 dni w roku! PTE705","og_url":"https:\/\/www.sun-sure-estates.com\/pl\/produkt\/duza-willa-z-wieloma-opcjami-na-dzialce-o-powierzchni-10-000-m2\/","og_site_name":"Sun Sure Estates","article_modified_time":"2023-06-27T12:21:26+00:00","og_image":[{"width":1147,"height":768,"url":"https:\/\/www.sun-sure-estates.com\/wp-content\/uploads\/2022\/12\/3-NEW.jpg","type":"image\/jpeg"}],"twitter_card":"summary_large_image","twitter_misc":{"Szacowany czas czytania":"2 minuty"},"schema":{"@context":"https:\/\/schema.org","@graph":[{"@type":"WebPage","@id":"https:\/\/www.sun-sure-estates.com\/pl\/produkt\/duza-willa-z-wieloma-opcjami-na-dzialce-o-powierzchni-10-000-m2\/","url":"https:\/\/www.sun-sure-estates.com\/pl\/produkt\/duza-willa-z-wieloma-opcjami-na-dzialce-o-powierzchni-10-000-m2\/","name":"Du\u017ca willa z wieloma opcjami na dzia\u0142ce o powierzchni 10 000 m2 - Sun Sure Estates","isPartOf":{"@id":"https:\/\/www.sun-sure-estates.com\/pl\/#website"},"primaryImageOfPage":{"@id":"https:\/\/www.sun-sure-estates.com\/pl\/produkt\/duza-willa-z-wieloma-opcjami-na-dzialce-o-powierzchni-10-000-m2\/#primaryimage"},"image":{"@id":"https:\/\/www.sun-sure-estates.com\/pl\/produkt\/duza-willa-z-wieloma-opcjami-na-dzialce-o-powierzchni-10-000-m2\/#primaryimage"},"thumbnailUrl":"https:\/\/www.sun-sure-estates.com\/wp-content\/uploads\/2022\/12\/3.-Small.jpg","datePublished":"2023-06-27T12:21:25+00:00","dateModified":"2023-06-27T12:21:26+00:00","breadcrumb":{"@id":"https:\/\/www.sun-sure-estates.com\/pl\/produkt\/duza-willa-z-wieloma-opcjami-na-dzialce-o-powierzchni-10-000-m2\/#breadcrumb"},"inLanguage":"pl-PL","potentialAction":[{"@type":"ReadAction","target":["https:\/\/www.sun-sure-estates.com\/pl\/produkt\/duza-willa-z-wieloma-opcjami-na-dzialce-o-powierzchni-10-000-m2\/"]}]},{"@type":"ImageObject","inLanguage":"pl-PL","@id":"https:\/\/www.sun-sure-estates.com\/pl\/produkt\/duza-willa-z-wieloma-opcjami-na-dzialce-o-powierzchni-10-000-m2\/#primaryimage","url":"https:\/\/www.sun-sure-estates.com\/wp-content\/uploads\/2022\/12\/3.-Small.jpg","contentUrl":"https:\/\/www.sun-sure-estates.com\/wp-content\/uploads\/2022\/12\/3.-Small.jpg","width":1147,"height":768},{"@type":"BreadcrumbList","@id":"https:\/\/www.sun-sure-estates.com\/pl\/produkt\/duza-willa-z-wieloma-opcjami-na-dzialce-o-powierzchni-10-000-m2\/#breadcrumb","itemListElement":[{"@type":"ListItem","position":1,"name":"Home","item":"https:\/\/www.sun-sure-estates.com\/pl\/strona-glowna\/"},{"@type":"ListItem","position":2,"name":"Winkel","item":"https:\/\/www.sun-sure-estates.com\/winkel\/"},{"@type":"ListItem","position":3,"name":"Du\u017ca willa z wieloma opcjami na dzia\u0142ce o powierzchni 10 000 m2"}]},{"@type":"WebSite","@id":"https:\/\/www.sun-sure-estates.com\/pl\/#website","url":"https:\/\/www.sun-sure-estates.com\/pl\/","name":"Sun Sure Estates","description":"Beleggen of wonen in je eigen huis onder de zon","potentialAction":[{"@type":"SearchAction","target":{"@type":"EntryPoint","urlTemplate":"https:\/\/www.sun-sure-estates.com\/pl\/?s={search_term_string}"},"query-input":{"@type":"PropertyValueSpecification","valueRequired":true,"valueName":"search_term_string"}}],"inLanguage":"pl-PL"}]}},"_links":{"self":[{"href":"https:\/\/www.sun-sure-estates.com\/pl\/wp-json\/wp\/v2\/product\/27444","targetHints":{"allow":["GET"]}}],"collection":[{"href":"https:\/\/www.sun-sure-estates.com\/pl\/wp-json\/wp\/v2\/product"}],"about":[{"href":"https:\/\/www.sun-sure-estates.com\/pl\/wp-json\/wp\/v2\/types\/product"}],"replies":[{"embeddable":true,"href":"https:\/\/www.sun-sure-estates.com\/pl\/wp-json\/wp\/v2\/comments?post=27444"}],"wp:featuredmedia":[{"embeddable":true,"href":"https:\/\/www.sun-sure-estates.com\/pl\/wp-json\/wp\/v2\/media\/29187"}],"wp:attachment":[{"href":"https:\/\/www.sun-sure-estates.com\/pl\/wp-json\/wp\/v2\/media?parent=27444"}],"wp:term":[{"taxonomy":"product_brand","embeddable":true,"href":"https:\/\/www.sun-sure-estates.com\/pl\/wp-json\/wp\/v2\/product_brand?post=27444"},{"taxonomy":"product_cat","embeddable":true,"href":"https:\/\/www.sun-sure-estates.com\/pl\/wp-json\/wp\/v2\/product_cat?post=27444"},{"taxonomy":"product_tag","embeddable":true,"href":"https:\/\/www.sun-sure-estates.com\/pl\/wp-json\/wp\/v2\/product_tag?post=27444"}],"curies":[{"name":"wp","href":"https:\/\/api.w.org\/{rel}","templated":true}]}}