{"id":27581,"date":"2022-08-23T10:43:55","date_gmt":"2022-08-23T08:43:55","guid":{"rendered":"https:\/\/www.sun-sure-estates.com\/?post_type=product&#038;p=27581"},"modified":"2023-06-29T18:37:56","modified_gmt":"2023-06-29T16:37:56","slug":"mieszkania-na-parterze-z-prywatnym-tarasem","status":"publish","type":"product","link":"https:\/\/www.sun-sure-estates.com\/pl\/produkt\/mieszkania-na-parterze-z-prywatnym-tarasem\/","title":{"rendered":"Mieszkania na parterze z prywatnym tarasem"},"content":{"rendered":"<p style=\"font-weight: 400;\">W odleg\u0142o\u015bci spaceru od Morza \u015ar\u00f3dziemnego, te pi\u0119kne zaprojektowane przez architekta apartamenty na pierwszym pi\u0119trze, apartamenty na pi\u0119trze oraz penthousy s\u0105 w trakcie budowy. Apartamenty na pierwszym pi\u0119trze z etykiet\u0105 energetyczn\u0105 &#8222;B&#8221; znajduj\u0105 si\u0119 na zamkni\u0119tej i przystosowanej dla os\u00f3b niepe\u0142nosprawnych urbanizacji, z dwoma pi\u0119knie zaprojektowanymi basenami og\u00f3lnodost\u0119pnymi, ogrodem krajobrazowym, placem zabaw i podgrzewanym wsp\u00f3lnym basenem wewn\u0119trznym, si\u0142owni\u0105, saun\u0105, jacuzzi, solarium, stref\u0105 relaksu, sal\u0105 dla smakoszy i jest przystosowana do u\u017cytku na w\u00f3zkach inwalidzkich.<\/p>\n<p style=\"font-weight: 400;\">Apartamenty na pierwszym pi\u0119trze obejmuj\u0105 przestronny i pi\u0119kny salon z otwart\u0105 kuchni\u0105 i wysp\u0105 kuchenn\u0105, jadalni\u0119, 2 lub 3 sypialnie, 2 \u0142azienki, z kt\u00f3rych jedna jest &#8222;en-suite&#8221; w g\u0142\u00f3wnej sypialni. Z kuchni, jadalni i salonu mamy widok na prywatny taras, kt\u00f3ry jest r\u00f3wnie\u017c wyposa\u017cony w o\u015bwietlenie zewn\u0119trzne.<\/p>\n<p style=\"font-weight: 400;\">W tym kompleksie mieszkalnym znajduje si\u0119 wiele opcji miejsca parkingowego, (poni\u017cej wi\u0119cej informacji na ten temat) kt\u00f3ry jest obowi\u0105zkowy do zakupu przy zakupie mieszkania na pierwszym pi\u0119trze.Obszar ten znany jest z wielu sport\u00f3w wodnych, takich jak \u017ceglarstwo, \u017ceglarstwo, parasailing, supping, narty wodne itp.\u00a0 Tu\u017c nad morzem znajduje si\u0119 kilka dobrych restauracji, a w odleg\u0142o\u015bci spaceru znajduje si\u0119 pi\u0119kna przysta\u0144. Gra w golfa w wielokrotnie nagradzanym kurorcie golfowym Las Colinas oddalona jest o zaledwie 10 minut jazdy samochodem.<\/p>\n<p style=\"font-weight: 400;\">\u017bycie w tej przestronnej urbanizacji oznacza codzienne cieszenie si\u0119 spokojem, s\u0142o\u0144cem, morzem, pla\u017c\u0105 i sportami wodnymi w najzdrowszym klimacie Europy!<\/p>\n","protected":false},"excerpt":{"rendered":"<p>W odleg\u0142o\u015bci spaceru od Morza \u015ar\u00f3dziemnego, te pi\u0119kne zaprojektowane przez architekta apartamenty na pierwszym pi\u0119trze, apartamenty na pi\u0119trze oraz penthousy s\u0105 w trakcie budowy. Apartamenty na pierwszym pi\u0119trze z etykiet\u0105 energetyczn\u0105 &#8222;B&#8221; znajduj\u0105 si\u0119 na zamkni\u0119tej i przystosowanej dla os\u00f3b niepe\u0142nosprawnych urbanizacji, z dwoma pi\u0119knie zaprojektowanymi basenami og\u00f3lnodost\u0119pnymi, ogrodem krajobrazowym, placem zabaw i podgrzewanym wsp\u00f3lnym [&hellip;]<\/p>\n","protected":false},"featured_media":27586,"comment_status":"open","ping_status":"closed","template":"","meta":{"_acf_changed":false},"product_brand":[],"product_cat":[193,196,197,194],"product_tag":[],"class_list":{"0":"post-27581","1":"product","2":"type-product","3":"status-publish","4":"has-post-thumbnail","6":"province-alicante","7":"places-campoamor","8":"country-spanje","9":"region-costa-blanca","10":"product_cat-basen-komunalny","11":"product_cat-brak-kategorii","12":"product_cat-plaski","13":"product_cat-winda-komunalna","15":"first","16":"instock","17":"shipping-taxable","18":"purchasable","19":"product-type-simple"},"acf":[],"yoast_head":"<!-- This site is optimized with the Yoast SEO plugin v27.4 - https:\/\/yoast.com\/product\/yoast-seo-wordpress\/ -->\n<title>Mieszkania na parterze z prywatnym tarasem - Sun Sure Estates<\/title>\n<meta name=\"robots\" content=\"index, follow, max-snippet:-1, max-image-preview:large, max-video-preview:-1\" \/>\n<link rel=\"canonical\" href=\"https:\/\/www.sun-sure-estates.com\/pl\/produkt\/mieszkania-na-parterze-z-prywatnym-tarasem\/\" \/>\n<meta property=\"og:locale\" content=\"pl_PL\" \/>\n<meta property=\"og:type\" content=\"article\" \/>\n<meta property=\"og:title\" content=\"Mieszkania na parterze z prywatnym tarasem - Sun Sure Estates\" \/>\n<meta property=\"og:description\" content=\"W odleg\u0142o\u015bci spaceru od Morza \u015ar\u00f3dziemnego, te pi\u0119kne zaprojektowane przez architekta apartamenty na pierwszym pi\u0119trze, apartamenty na pi\u0119trze oraz penthousy s\u0105 w trakcie budowy. Apartamenty na pierwszym pi\u0119trze z etykiet\u0105 energetyczn\u0105 &#8222;B&#8221; znajduj\u0105 si\u0119 na zamkni\u0119tej i przystosowanej dla os\u00f3b niepe\u0142nosprawnych urbanizacji, z dwoma pi\u0119knie zaprojektowanymi basenami og\u00f3lnodost\u0119pnymi, ogrodem krajobrazowym, placem zabaw i podgrzewanym wsp\u00f3lnym [&hellip;]\" \/>\n<meta property=\"og:url\" content=\"https:\/\/www.sun-sure-estates.com\/pl\/produkt\/mieszkania-na-parterze-z-prywatnym-tarasem\/\" \/>\n<meta property=\"og:site_name\" content=\"Sun Sure Estates\" \/>\n<meta property=\"article:modified_time\" content=\"2023-06-29T16:37:56+00:00\" \/>\n<meta property=\"og:image\" content=\"https:\/\/www.sun-sure-estates.com\/wp-content\/uploads\/2022\/08\/1.-Instagram.jpg\" \/>\n\t<meta property=\"og:image:width\" content=\"1920\" \/>\n\t<meta property=\"og:image:height\" content=\"1080\" \/>\n\t<meta property=\"og:image:type\" content=\"image\/jpeg\" \/>\n<meta name=\"twitter:card\" content=\"summary_large_image\" \/>\n<meta name=\"twitter:label1\" content=\"Szacowany czas czytania\" \/>\n\t<meta name=\"twitter:data1\" content=\"2 minuty\" \/>\n<script type=\"application\/ld+json\" class=\"yoast-schema-graph\">{\"@context\":\"https:\\\/\\\/schema.org\",\"@graph\":[{\"@type\":\"WebPage\",\"@id\":\"https:\\\/\\\/www.sun-sure-estates.com\\\/pl\\\/produkt\\\/mieszkania-na-parterze-z-prywatnym-tarasem\\\/\",\"url\":\"https:\\\/\\\/www.sun-sure-estates.com\\\/pl\\\/produkt\\\/mieszkania-na-parterze-z-prywatnym-tarasem\\\/\",\"name\":\"Mieszkania na parterze z prywatnym tarasem - Sun Sure Estates\",\"isPartOf\":{\"@id\":\"https:\\\/\\\/www.sun-sure-estates.com\\\/pl\\\/#website\"},\"primaryImageOfPage\":{\"@id\":\"https:\\\/\\\/www.sun-sure-estates.com\\\/pl\\\/produkt\\\/mieszkania-na-parterze-z-prywatnym-tarasem\\\/#primaryimage\"},\"image\":{\"@id\":\"https:\\\/\\\/www.sun-sure-estates.com\\\/pl\\\/produkt\\\/mieszkania-na-parterze-z-prywatnym-tarasem\\\/#primaryimage\"},\"thumbnailUrl\":\"https:\\\/\\\/www.sun-sure-estates.com\\\/wp-content\\\/uploads\\\/2022\\\/08\\\/1.-Instagram.jpg\",\"datePublished\":\"2022-08-23T08:43:55+00:00\",\"dateModified\":\"2023-06-29T16:37:56+00:00\",\"breadcrumb\":{\"@id\":\"https:\\\/\\\/www.sun-sure-estates.com\\\/pl\\\/produkt\\\/mieszkania-na-parterze-z-prywatnym-tarasem\\\/#breadcrumb\"},\"inLanguage\":\"pl-PL\",\"potentialAction\":[{\"@type\":\"ReadAction\",\"target\":[\"https:\\\/\\\/www.sun-sure-estates.com\\\/pl\\\/produkt\\\/mieszkania-na-parterze-z-prywatnym-tarasem\\\/\"]}]},{\"@type\":\"ImageObject\",\"inLanguage\":\"pl-PL\",\"@id\":\"https:\\\/\\\/www.sun-sure-estates.com\\\/pl\\\/produkt\\\/mieszkania-na-parterze-z-prywatnym-tarasem\\\/#primaryimage\",\"url\":\"https:\\\/\\\/www.sun-sure-estates.com\\\/wp-content\\\/uploads\\\/2022\\\/08\\\/1.-Instagram.jpg\",\"contentUrl\":\"https:\\\/\\\/www.sun-sure-estates.com\\\/wp-content\\\/uploads\\\/2022\\\/08\\\/1.-Instagram.jpg\",\"width\":1920,\"height\":1080},{\"@type\":\"BreadcrumbList\",\"@id\":\"https:\\\/\\\/www.sun-sure-estates.com\\\/pl\\\/produkt\\\/mieszkania-na-parterze-z-prywatnym-tarasem\\\/#breadcrumb\",\"itemListElement\":[{\"@type\":\"ListItem\",\"position\":1,\"name\":\"Home\",\"item\":\"https:\\\/\\\/www.sun-sure-estates.com\\\/pl\\\/strona-glowna\\\/\"},{\"@type\":\"ListItem\",\"position\":2,\"name\":\"Winkel\",\"item\":\"https:\\\/\\\/www.sun-sure-estates.com\\\/winkel\\\/\"},{\"@type\":\"ListItem\",\"position\":3,\"name\":\"Mieszkania na parterze z prywatnym tarasem\"}]},{\"@type\":\"WebSite\",\"@id\":\"https:\\\/\\\/www.sun-sure-estates.com\\\/pl\\\/#website\",\"url\":\"https:\\\/\\\/www.sun-sure-estates.com\\\/pl\\\/\",\"name\":\"Sun Sure Estates\",\"description\":\"Beleggen of wonen in je eigen huis onder de zon\",\"potentialAction\":[{\"@type\":\"SearchAction\",\"target\":{\"@type\":\"EntryPoint\",\"urlTemplate\":\"https:\\\/\\\/www.sun-sure-estates.com\\\/pl\\\/?s={search_term_string}\"},\"query-input\":{\"@type\":\"PropertyValueSpecification\",\"valueRequired\":true,\"valueName\":\"search_term_string\"}}],\"inLanguage\":\"pl-PL\"}]}<\/script>\n<!-- \/ Yoast SEO plugin. -->","yoast_head_json":{"title":"Mieszkania na parterze z prywatnym tarasem - Sun Sure Estates","robots":{"index":"index","follow":"follow","max-snippet":"max-snippet:-1","max-image-preview":"max-image-preview:large","max-video-preview":"max-video-preview:-1"},"canonical":"https:\/\/www.sun-sure-estates.com\/pl\/produkt\/mieszkania-na-parterze-z-prywatnym-tarasem\/","og_locale":"pl_PL","og_type":"article","og_title":"Mieszkania na parterze z prywatnym tarasem - Sun Sure Estates","og_description":"W odleg\u0142o\u015bci spaceru od Morza \u015ar\u00f3dziemnego, te pi\u0119kne zaprojektowane przez architekta apartamenty na pierwszym pi\u0119trze, apartamenty na pi\u0119trze oraz penthousy s\u0105 w trakcie budowy. Apartamenty na pierwszym pi\u0119trze z etykiet\u0105 energetyczn\u0105 &#8222;B&#8221; znajduj\u0105 si\u0119 na zamkni\u0119tej i przystosowanej dla os\u00f3b niepe\u0142nosprawnych urbanizacji, z dwoma pi\u0119knie zaprojektowanymi basenami og\u00f3lnodost\u0119pnymi, ogrodem krajobrazowym, placem zabaw i podgrzewanym wsp\u00f3lnym [&hellip;]","og_url":"https:\/\/www.sun-sure-estates.com\/pl\/produkt\/mieszkania-na-parterze-z-prywatnym-tarasem\/","og_site_name":"Sun Sure Estates","article_modified_time":"2023-06-29T16:37:56+00:00","og_image":[{"width":1920,"height":1080,"url":"https:\/\/www.sun-sure-estates.com\/wp-content\/uploads\/2022\/08\/1.-Instagram.jpg","type":"image\/jpeg"}],"twitter_card":"summary_large_image","twitter_misc":{"Szacowany czas czytania":"2 minuty"},"schema":{"@context":"https:\/\/schema.org","@graph":[{"@type":"WebPage","@id":"https:\/\/www.sun-sure-estates.com\/pl\/produkt\/mieszkania-na-parterze-z-prywatnym-tarasem\/","url":"https:\/\/www.sun-sure-estates.com\/pl\/produkt\/mieszkania-na-parterze-z-prywatnym-tarasem\/","name":"Mieszkania na parterze z prywatnym tarasem - Sun Sure Estates","isPartOf":{"@id":"https:\/\/www.sun-sure-estates.com\/pl\/#website"},"primaryImageOfPage":{"@id":"https:\/\/www.sun-sure-estates.com\/pl\/produkt\/mieszkania-na-parterze-z-prywatnym-tarasem\/#primaryimage"},"image":{"@id":"https:\/\/www.sun-sure-estates.com\/pl\/produkt\/mieszkania-na-parterze-z-prywatnym-tarasem\/#primaryimage"},"thumbnailUrl":"https:\/\/www.sun-sure-estates.com\/wp-content\/uploads\/2022\/08\/1.-Instagram.jpg","datePublished":"2022-08-23T08:43:55+00:00","dateModified":"2023-06-29T16:37:56+00:00","breadcrumb":{"@id":"https:\/\/www.sun-sure-estates.com\/pl\/produkt\/mieszkania-na-parterze-z-prywatnym-tarasem\/#breadcrumb"},"inLanguage":"pl-PL","potentialAction":[{"@type":"ReadAction","target":["https:\/\/www.sun-sure-estates.com\/pl\/produkt\/mieszkania-na-parterze-z-prywatnym-tarasem\/"]}]},{"@type":"ImageObject","inLanguage":"pl-PL","@id":"https:\/\/www.sun-sure-estates.com\/pl\/produkt\/mieszkania-na-parterze-z-prywatnym-tarasem\/#primaryimage","url":"https:\/\/www.sun-sure-estates.com\/wp-content\/uploads\/2022\/08\/1.-Instagram.jpg","contentUrl":"https:\/\/www.sun-sure-estates.com\/wp-content\/uploads\/2022\/08\/1.-Instagram.jpg","width":1920,"height":1080},{"@type":"BreadcrumbList","@id":"https:\/\/www.sun-sure-estates.com\/pl\/produkt\/mieszkania-na-parterze-z-prywatnym-tarasem\/#breadcrumb","itemListElement":[{"@type":"ListItem","position":1,"name":"Home","item":"https:\/\/www.sun-sure-estates.com\/pl\/strona-glowna\/"},{"@type":"ListItem","position":2,"name":"Winkel","item":"https:\/\/www.sun-sure-estates.com\/winkel\/"},{"@type":"ListItem","position":3,"name":"Mieszkania na parterze z prywatnym tarasem"}]},{"@type":"WebSite","@id":"https:\/\/www.sun-sure-estates.com\/pl\/#website","url":"https:\/\/www.sun-sure-estates.com\/pl\/","name":"Sun Sure Estates","description":"Beleggen of wonen in je eigen huis onder de zon","potentialAction":[{"@type":"SearchAction","target":{"@type":"EntryPoint","urlTemplate":"https:\/\/www.sun-sure-estates.com\/pl\/?s={search_term_string}"},"query-input":{"@type":"PropertyValueSpecification","valueRequired":true,"valueName":"search_term_string"}}],"inLanguage":"pl-PL"}]}},"_links":{"self":[{"href":"https:\/\/www.sun-sure-estates.com\/pl\/wp-json\/wp\/v2\/product\/27581","targetHints":{"allow":["GET"]}}],"collection":[{"href":"https:\/\/www.sun-sure-estates.com\/pl\/wp-json\/wp\/v2\/product"}],"about":[{"href":"https:\/\/www.sun-sure-estates.com\/pl\/wp-json\/wp\/v2\/types\/product"}],"replies":[{"embeddable":true,"href":"https:\/\/www.sun-sure-estates.com\/pl\/wp-json\/wp\/v2\/comments?post=27581"}],"wp:featuredmedia":[{"embeddable":true,"href":"https:\/\/www.sun-sure-estates.com\/pl\/wp-json\/wp\/v2\/media\/27586"}],"wp:attachment":[{"href":"https:\/\/www.sun-sure-estates.com\/pl\/wp-json\/wp\/v2\/media?parent=27581"}],"wp:term":[{"taxonomy":"product_brand","embeddable":true,"href":"https:\/\/www.sun-sure-estates.com\/pl\/wp-json\/wp\/v2\/product_brand?post=27581"},{"taxonomy":"product_cat","embeddable":true,"href":"https:\/\/www.sun-sure-estates.com\/pl\/wp-json\/wp\/v2\/product_cat?post=27581"},{"taxonomy":"product_tag","embeddable":true,"href":"https:\/\/www.sun-sure-estates.com\/pl\/wp-json\/wp\/v2\/product_tag?post=27581"}],"curies":[{"name":"wp","href":"https:\/\/api.w.org\/{rel}","templated":true}]}}