{"id":32491,"date":"2023-11-14T19:48:45","date_gmt":"2023-11-14T18:48:45","guid":{"rendered":"https:\/\/www.sun-sure-estates.com\/?post_type=product&#038;p=32491"},"modified":"2024-06-18T17:53:09","modified_gmt":"2024-06-18T15:53:09","slug":"willa-bianco-z-sypialnia-na-parterze-i-prywatnym-basenem","status":"publish","type":"product","link":"https:\/\/www.sun-sure-estates.com\/pl\/produkt\/willa-bianco-z-sypialnia-na-parterze-i-prywatnym-basenem\/","title":{"rendered":"Willa Bianco z sypialni\u0105 na parterze i prywatnym basenem"},"content":{"rendered":"<p style=\"font-weight: 400;\"><u>Specyfikacje<\/u><\/p>\n<p style=\"font-weight: 400;\">Cena sprzeda\u017cy od 339 000 \u20ac (+ VAT), 117 m2<\/p>\n<ul>\n<li>Parter z salonem, kuchnia wraz z urz\u0105dzeniami i wysp\u0105 do gotowania, jadalni\u0105, 1 sypialni\u0105 z garderob\u0105 i 1 \u0142azienk\u0105 z ogrzewaniem pod\u0142ogowym oraz kabin\u0105 prysznicow\u0105<\/li>\n<li>Na 1 pi\u0119trze znajduj\u0105 si\u0119 2 pozosta\u0142e sypialnie z garderob\u0105. Ka\u017cda sypialnia posiada w\u0142asn\u0105 \u0142azienk\u0119 z ogrzewaniem pod\u0142ogowym i kabin\u0105 prysznicow\u0105. Przed\u0142u\u017ceniem g\u0142\u00f3wnej sypialni jest du\u017cy balkon o powierzchni 16 m2, z kt\u00f3rego roztacza si\u0119 \u0142adny widok na okolic\u0119<\/li>\n<li>Pi\u0119knie zagospodarowany taras w stylu \u015br\u00f3dziemnomorskim z ogrodem krajobrazowym i o\u015bwietlonym odkrytym basenem. Za bram\u0105 wjazdow\u0105 znajduje si\u0119 podjazd z miejscem parkingowym<\/li>\n<li>Opcjonalnie: Na najwy\u017cszym pi\u0119trze, z kt\u00f3rego roztaczaj\u0105 si\u0119 pi\u0119kne widoki, za dodatkow\u0105 op\u0142at\u0105 od 17 000 \u20ac (+ VAT) mo\u017cna wykona\u0107 du\u017ce solarium o powierzchni 46 m2<\/li>\n<\/ul>\n<p style=\"font-weight: 400;\"><u>Og\u00f3lne<\/u><\/p>\n<ul>\n<li>Etykieta energetyczna A<\/li>\n<li>Kuchnia z p\u0142yt\u0105 indukcyjn\u0105, piekarnikiem i kuchenk\u0105 mikrofalow\u0105 w kolumnie, lod\u00f3wko-zamra\u017cark\u0105 i zmywark\u0105<\/li>\n<li>Wst\u0119pna instalacja klimatyzacji<\/li>\n<li>Panele s\u0142oneczne do ciep\u0142ej wody<\/li>\n<li>3 Panele s\u0142oneczne do energii elektrycznej<\/li>\n<li>\u0141azienki z ogrzewaniem pod\u0142ogowym<\/li>\n<li>Okiennice w zestawie<\/li>\n<li>Za dodatkow\u0105 op\u0142at\u0105 dost\u0119pne s\u0105 dodatki, takie jak pralka i suszarka, ogrzewanie pod\u0142ogowe w sypialniach i wiele innych.<\/li>\n<\/ul>\n<p style=\"font-weight: 400;\">W tym sk\u0105panym w s\u0142o\u0144cu regionie w pobli\u017cu Morza \u015ar\u00f3dziemnego powstaj\u0105 te pi\u0119knie wykonane wille z etykiet\u0105 energetyczn\u0105 A. Wille znajduj\u0105 si\u0119 w pobli\u017cu pi\u0119knego o\u015brodka golfowego z r\u00f3\u017cnymi udogodnieniami. Jest to idealne miejsce dla tych, kt\u00f3rzy kochaj\u0105 golfa, spok\u00f3j i przyrod\u0119.<\/p>\n<p style=\"font-weight: 400;\">Wille, kt\u00f3re s\u0105 r\u00f3wnie\u017c idealne do sta\u0142ego zamieszkania, s\u0105 podzielone na parterze z salonem, kuchni\u0105, jadalni\u0105, 1 sypialni\u0105 z garderob\u0105 i 1 \u0142azienk\u0105 z kabin\u0105 prysznicow\u0105. Na 1. pi\u0119trze znajduj\u0105 si\u0119 2 inne sypialnie, z kt\u00f3rych ka\u017cda ma garderob\u0119 i luksusow\u0105 \u0142azienk\u0119 z ogrzewaniem pod\u0142ogowym.<\/p>\n<p style=\"font-weight: 400;\">Z salonu roztacza si\u0119 \u0142adny widok na taras i ogr\u00f3d z prywatnym odkrytym basenem, kt\u00f3ry wieczorem jest o\u015bwietlony.<\/p>\n<p style=\"font-weight: 400;\">W tej pi\u0119knej, strze\u017conej lokalizacji na zboczu wzg\u00f3rza 24\/7 znajduje si\u0119 18-do\u0142kowy o\u015brodek golfowy z r\u00f3\u017cnymi udogodnieniami, w tym supermarketem, cateringiem, aptek\u0105 i gr\u0105 w padla.<\/p>\n<p style=\"font-weight: 400;\">\n","protected":false},"excerpt":{"rendered":"<p>Specyfikacje Cena sprzeda\u017cy od 339 000 \u20ac (+ VAT), 117 m2 Parter z salonem, kuchnia wraz z urz\u0105dzeniami i wysp\u0105 do gotowania, jadalni\u0105, 1 sypialni\u0105 z garderob\u0105 i 1 \u0142azienk\u0105 z ogrzewaniem pod\u0142ogowym oraz kabin\u0105 prysznicow\u0105 Na 1 pi\u0119trze znajduj\u0105 si\u0119 2 pozosta\u0142e sypialnie z garderob\u0105. Ka\u017cda sypialnia posiada w\u0142asn\u0105 \u0142azienk\u0119 z ogrzewaniem pod\u0142ogowym i [&hellip;]<\/p>\n","protected":false},"featured_media":29361,"comment_status":"open","ping_status":"closed","template":"","meta":{"_acf_changed":false},"product_brand":[],"product_cat":[202,195,215,200],"product_tag":[],"class_list":{"0":"post-32491","1":"product","2":"type-product","3":"status-publish","4":"has-post-thumbnail","6":"product_cat-basen","7":"product_cat-golf-pl-2","8":"product_cat-obejmuje-urzadzenia-kuchenne","9":"product_cat-wlasny-ogrod","11":"first","12":"instock","13":"shipping-taxable","14":"purchasable","15":"product-type-simple"},"acf":[],"yoast_head":"<!-- This site is optimized with the Yoast SEO plugin v27.3 - https:\/\/yoast.com\/product\/yoast-seo-wordpress\/ -->\n<title>Willa Bianco z sypialni\u0105 na parterze i prywatnym basenem - Sun Sure Estates<\/title>\n<meta name=\"robots\" content=\"index, follow, max-snippet:-1, max-image-preview:large, max-video-preview:-1\" \/>\n<link rel=\"canonical\" href=\"https:\/\/www.sun-sure-estates.com\/pl\/produkt\/willa-bianco-z-sypialnia-na-parterze-i-prywatnym-basenem\/\" \/>\n<meta property=\"og:locale\" content=\"pl_PL\" \/>\n<meta property=\"og:type\" content=\"article\" \/>\n<meta property=\"og:title\" content=\"Willa Bianco z sypialni\u0105 na parterze i prywatnym basenem - Sun Sure Estates\" \/>\n<meta property=\"og:description\" content=\"Specyfikacje Cena sprzeda\u017cy od 339 000 \u20ac (+ VAT), 117 m2 Parter z salonem, kuchnia wraz z urz\u0105dzeniami i wysp\u0105 do gotowania, jadalni\u0105, 1 sypialni\u0105 z garderob\u0105 i 1 \u0142azienk\u0105 z ogrzewaniem pod\u0142ogowym oraz kabin\u0105 prysznicow\u0105 Na 1 pi\u0119trze znajduj\u0105 si\u0119 2 pozosta\u0142e sypialnie z garderob\u0105. Ka\u017cda sypialnia posiada w\u0142asn\u0105 \u0142azienk\u0119 z ogrzewaniem pod\u0142ogowym i [&hellip;]\" \/>\n<meta property=\"og:url\" content=\"https:\/\/www.sun-sure-estates.com\/pl\/produkt\/willa-bianco-z-sypialnia-na-parterze-i-prywatnym-basenem\/\" \/>\n<meta property=\"og:site_name\" content=\"Sun Sure Estates\" \/>\n<meta property=\"article:modified_time\" content=\"2024-06-18T15:53:09+00:00\" \/>\n<meta property=\"og:image\" content=\"https:\/\/www.sun-sure-estates.com\/wp-content\/uploads\/2023\/11\/1.-Villa-Bianco-main-foto.jpg\" \/>\n\t<meta property=\"og:image:width\" content=\"1600\" \/>\n\t<meta property=\"og:image:height\" content=\"1060\" \/>\n\t<meta property=\"og:image:type\" content=\"image\/jpeg\" \/>\n<meta name=\"twitter:card\" content=\"summary_large_image\" \/>\n<meta name=\"twitter:label1\" content=\"Szacowany czas czytania\" \/>\n\t<meta name=\"twitter:data1\" content=\"2 minuty\" \/>\n<script type=\"application\/ld+json\" class=\"yoast-schema-graph\">{\"@context\":\"https:\\\/\\\/schema.org\",\"@graph\":[{\"@type\":\"WebPage\",\"@id\":\"https:\\\/\\\/www.sun-sure-estates.com\\\/pl\\\/produkt\\\/willa-bianco-z-sypialnia-na-parterze-i-prywatnym-basenem\\\/\",\"url\":\"https:\\\/\\\/www.sun-sure-estates.com\\\/pl\\\/produkt\\\/willa-bianco-z-sypialnia-na-parterze-i-prywatnym-basenem\\\/\",\"name\":\"Willa Bianco z sypialni\u0105 na parterze i prywatnym basenem - Sun Sure Estates\",\"isPartOf\":{\"@id\":\"https:\\\/\\\/www.sun-sure-estates.com\\\/pl\\\/#website\"},\"primaryImageOfPage\":{\"@id\":\"https:\\\/\\\/www.sun-sure-estates.com\\\/pl\\\/produkt\\\/willa-bianco-z-sypialnia-na-parterze-i-prywatnym-basenem\\\/#primaryimage\"},\"image\":{\"@id\":\"https:\\\/\\\/www.sun-sure-estates.com\\\/pl\\\/produkt\\\/willa-bianco-z-sypialnia-na-parterze-i-prywatnym-basenem\\\/#primaryimage\"},\"thumbnailUrl\":\"https:\\\/\\\/www.sun-sure-estates.com\\\/wp-content\\\/uploads\\\/2023\\\/11\\\/1.-Villa-Bianco-main-foto.jpg\",\"datePublished\":\"2023-11-14T18:48:45+00:00\",\"dateModified\":\"2024-06-18T15:53:09+00:00\",\"breadcrumb\":{\"@id\":\"https:\\\/\\\/www.sun-sure-estates.com\\\/pl\\\/produkt\\\/willa-bianco-z-sypialnia-na-parterze-i-prywatnym-basenem\\\/#breadcrumb\"},\"inLanguage\":\"pl-PL\",\"potentialAction\":[{\"@type\":\"ReadAction\",\"target\":[\"https:\\\/\\\/www.sun-sure-estates.com\\\/pl\\\/produkt\\\/willa-bianco-z-sypialnia-na-parterze-i-prywatnym-basenem\\\/\"]}]},{\"@type\":\"ImageObject\",\"inLanguage\":\"pl-PL\",\"@id\":\"https:\\\/\\\/www.sun-sure-estates.com\\\/pl\\\/produkt\\\/willa-bianco-z-sypialnia-na-parterze-i-prywatnym-basenem\\\/#primaryimage\",\"url\":\"https:\\\/\\\/www.sun-sure-estates.com\\\/wp-content\\\/uploads\\\/2023\\\/11\\\/1.-Villa-Bianco-main-foto.jpg\",\"contentUrl\":\"https:\\\/\\\/www.sun-sure-estates.com\\\/wp-content\\\/uploads\\\/2023\\\/11\\\/1.-Villa-Bianco-main-foto.jpg\",\"width\":1600,\"height\":1060},{\"@type\":\"BreadcrumbList\",\"@id\":\"https:\\\/\\\/www.sun-sure-estates.com\\\/pl\\\/produkt\\\/willa-bianco-z-sypialnia-na-parterze-i-prywatnym-basenem\\\/#breadcrumb\",\"itemListElement\":[{\"@type\":\"ListItem\",\"position\":1,\"name\":\"Home\",\"item\":\"https:\\\/\\\/www.sun-sure-estates.com\\\/pl\\\/strona-glowna\\\/\"},{\"@type\":\"ListItem\",\"position\":2,\"name\":\"Winkel\",\"item\":\"https:\\\/\\\/www.sun-sure-estates.com\\\/winkel\\\/\"},{\"@type\":\"ListItem\",\"position\":3,\"name\":\"Willa Bianco z sypialni\u0105 na parterze i prywatnym basenem\"}]},{\"@type\":\"WebSite\",\"@id\":\"https:\\\/\\\/www.sun-sure-estates.com\\\/pl\\\/#website\",\"url\":\"https:\\\/\\\/www.sun-sure-estates.com\\\/pl\\\/\",\"name\":\"Sun Sure Estates\",\"description\":\"Beleggen of wonen in je eigen huis onder de zon\",\"potentialAction\":[{\"@type\":\"SearchAction\",\"target\":{\"@type\":\"EntryPoint\",\"urlTemplate\":\"https:\\\/\\\/www.sun-sure-estates.com\\\/pl\\\/?s={search_term_string}\"},\"query-input\":{\"@type\":\"PropertyValueSpecification\",\"valueRequired\":true,\"valueName\":\"search_term_string\"}}],\"inLanguage\":\"pl-PL\"}]}<\/script>\n<!-- \/ Yoast SEO plugin. -->","yoast_head_json":{"title":"Willa Bianco z sypialni\u0105 na parterze i prywatnym basenem - Sun Sure Estates","robots":{"index":"index","follow":"follow","max-snippet":"max-snippet:-1","max-image-preview":"max-image-preview:large","max-video-preview":"max-video-preview:-1"},"canonical":"https:\/\/www.sun-sure-estates.com\/pl\/produkt\/willa-bianco-z-sypialnia-na-parterze-i-prywatnym-basenem\/","og_locale":"pl_PL","og_type":"article","og_title":"Willa Bianco z sypialni\u0105 na parterze i prywatnym basenem - Sun Sure Estates","og_description":"Specyfikacje Cena sprzeda\u017cy od 339 000 \u20ac (+ VAT), 117 m2 Parter z salonem, kuchnia wraz z urz\u0105dzeniami i wysp\u0105 do gotowania, jadalni\u0105, 1 sypialni\u0105 z garderob\u0105 i 1 \u0142azienk\u0105 z ogrzewaniem pod\u0142ogowym oraz kabin\u0105 prysznicow\u0105 Na 1 pi\u0119trze znajduj\u0105 si\u0119 2 pozosta\u0142e sypialnie z garderob\u0105. Ka\u017cda sypialnia posiada w\u0142asn\u0105 \u0142azienk\u0119 z ogrzewaniem pod\u0142ogowym i [&hellip;]","og_url":"https:\/\/www.sun-sure-estates.com\/pl\/produkt\/willa-bianco-z-sypialnia-na-parterze-i-prywatnym-basenem\/","og_site_name":"Sun Sure Estates","article_modified_time":"2024-06-18T15:53:09+00:00","og_image":[{"width":1600,"height":1060,"url":"https:\/\/www.sun-sure-estates.com\/wp-content\/uploads\/2023\/11\/1.-Villa-Bianco-main-foto.jpg","type":"image\/jpeg"}],"twitter_card":"summary_large_image","twitter_misc":{"Szacowany czas czytania":"2 minuty"},"schema":{"@context":"https:\/\/schema.org","@graph":[{"@type":"WebPage","@id":"https:\/\/www.sun-sure-estates.com\/pl\/produkt\/willa-bianco-z-sypialnia-na-parterze-i-prywatnym-basenem\/","url":"https:\/\/www.sun-sure-estates.com\/pl\/produkt\/willa-bianco-z-sypialnia-na-parterze-i-prywatnym-basenem\/","name":"Willa Bianco z sypialni\u0105 na parterze i prywatnym basenem - Sun Sure Estates","isPartOf":{"@id":"https:\/\/www.sun-sure-estates.com\/pl\/#website"},"primaryImageOfPage":{"@id":"https:\/\/www.sun-sure-estates.com\/pl\/produkt\/willa-bianco-z-sypialnia-na-parterze-i-prywatnym-basenem\/#primaryimage"},"image":{"@id":"https:\/\/www.sun-sure-estates.com\/pl\/produkt\/willa-bianco-z-sypialnia-na-parterze-i-prywatnym-basenem\/#primaryimage"},"thumbnailUrl":"https:\/\/www.sun-sure-estates.com\/wp-content\/uploads\/2023\/11\/1.-Villa-Bianco-main-foto.jpg","datePublished":"2023-11-14T18:48:45+00:00","dateModified":"2024-06-18T15:53:09+00:00","breadcrumb":{"@id":"https:\/\/www.sun-sure-estates.com\/pl\/produkt\/willa-bianco-z-sypialnia-na-parterze-i-prywatnym-basenem\/#breadcrumb"},"inLanguage":"pl-PL","potentialAction":[{"@type":"ReadAction","target":["https:\/\/www.sun-sure-estates.com\/pl\/produkt\/willa-bianco-z-sypialnia-na-parterze-i-prywatnym-basenem\/"]}]},{"@type":"ImageObject","inLanguage":"pl-PL","@id":"https:\/\/www.sun-sure-estates.com\/pl\/produkt\/willa-bianco-z-sypialnia-na-parterze-i-prywatnym-basenem\/#primaryimage","url":"https:\/\/www.sun-sure-estates.com\/wp-content\/uploads\/2023\/11\/1.-Villa-Bianco-main-foto.jpg","contentUrl":"https:\/\/www.sun-sure-estates.com\/wp-content\/uploads\/2023\/11\/1.-Villa-Bianco-main-foto.jpg","width":1600,"height":1060},{"@type":"BreadcrumbList","@id":"https:\/\/www.sun-sure-estates.com\/pl\/produkt\/willa-bianco-z-sypialnia-na-parterze-i-prywatnym-basenem\/#breadcrumb","itemListElement":[{"@type":"ListItem","position":1,"name":"Home","item":"https:\/\/www.sun-sure-estates.com\/pl\/strona-glowna\/"},{"@type":"ListItem","position":2,"name":"Winkel","item":"https:\/\/www.sun-sure-estates.com\/winkel\/"},{"@type":"ListItem","position":3,"name":"Willa Bianco z sypialni\u0105 na parterze i prywatnym basenem"}]},{"@type":"WebSite","@id":"https:\/\/www.sun-sure-estates.com\/pl\/#website","url":"https:\/\/www.sun-sure-estates.com\/pl\/","name":"Sun Sure Estates","description":"Beleggen of wonen in je eigen huis onder de zon","potentialAction":[{"@type":"SearchAction","target":{"@type":"EntryPoint","urlTemplate":"https:\/\/www.sun-sure-estates.com\/pl\/?s={search_term_string}"},"query-input":{"@type":"PropertyValueSpecification","valueRequired":true,"valueName":"search_term_string"}}],"inLanguage":"pl-PL"}]}},"_links":{"self":[{"href":"https:\/\/www.sun-sure-estates.com\/pl\/wp-json\/wp\/v2\/product\/32491","targetHints":{"allow":["GET"]}}],"collection":[{"href":"https:\/\/www.sun-sure-estates.com\/pl\/wp-json\/wp\/v2\/product"}],"about":[{"href":"https:\/\/www.sun-sure-estates.com\/pl\/wp-json\/wp\/v2\/types\/product"}],"replies":[{"embeddable":true,"href":"https:\/\/www.sun-sure-estates.com\/pl\/wp-json\/wp\/v2\/comments?post=32491"}],"wp:featuredmedia":[{"embeddable":true,"href":"https:\/\/www.sun-sure-estates.com\/pl\/wp-json\/wp\/v2\/media\/29361"}],"wp:attachment":[{"href":"https:\/\/www.sun-sure-estates.com\/pl\/wp-json\/wp\/v2\/media?parent=32491"}],"wp:term":[{"taxonomy":"product_brand","embeddable":true,"href":"https:\/\/www.sun-sure-estates.com\/pl\/wp-json\/wp\/v2\/product_brand?post=32491"},{"taxonomy":"product_cat","embeddable":true,"href":"https:\/\/www.sun-sure-estates.com\/pl\/wp-json\/wp\/v2\/product_cat?post=32491"},{"taxonomy":"product_tag","embeddable":true,"href":"https:\/\/www.sun-sure-estates.com\/pl\/wp-json\/wp\/v2\/product_tag?post=32491"}],"curies":[{"name":"wp","href":"https:\/\/api.w.org\/{rel}","templated":true}]}}